{"id":11,"date":"2025-11-10T18:07:01","date_gmt":"2025-11-10T18:07:01","guid":{"rendered":"https:\/\/nuestrasfinanzasencorto.com\/learn\/"},"modified":"2026-02-26T18:46:36","modified_gmt":"2026-02-26T18:46:36","slug":"nosotros","status":"publish","type":"page","link":"https:\/\/nuestrasfinanzasencorto.com\/inicio\/nosotros\/","title":{"rendered":"Nosotros"},"content":{"rendered":"\t\t<div data-elementor-type=\"wp-page\" data-elementor-id=\"11\" class=\"elementor elementor-11\" data-elementor-post-type=\"page\">\n\t\t\t\t<div class=\"elementor-element elementor-element-d391b1b e-con-full e-flex e-con e-parent\" data-id=\"d391b1b\" data-element_type=\"container\" data-e-type=\"container\" data-settings=\"{&quot;shape_divider_top&quot;:&quot;mountains&quot;,&quot;shape_divider_bottom&quot;:&quot;curve&quot;,&quot;shape_divider_bottom_negative&quot;:&quot;yes&quot;}\">\n\t\t\t\t<div class=\"elementor-shape elementor-shape-top\" aria-hidden=\"true\" data-negative=\"false\">\n\t\t\t<svg xmlns=\"http:\/\/www.w3.org\/2000\/svg\" viewBox=\"0 0 1000 100\" preserveAspectRatio=\"none\">\n\t<path class=\"elementor-shape-fill\" opacity=\"0.33\" d=\"M473,67.3c-203.9,88.3-263.1-34-320.3,0C66,119.1,0,59.7,0,59.7V0h1000v59.7 c0,0-62.1,26.1-94.9,29.3c-32.8,3.3-62.8-12.3-75.8-22.1C806,49.6,745.3,8.7,694.9,4.7S492.4,59,473,67.3z\"\/>\n\t<path class=\"elementor-shape-fill\" opacity=\"0.66\" d=\"M734,67.3c-45.5,0-77.2-23.2-129.1-39.1c-28.6-8.7-150.3-10.1-254,39.1 s-91.7-34.4-149.2,0C115.7,118.3,0,39.8,0,39.8V0h1000v36.5c0,0-28.2-18.5-92.1-18.5C810.2,18.1,775.7,67.3,734,67.3z\"\/>\n\t<path class=\"elementor-shape-fill\" d=\"M766.1,28.9c-200-57.5-266,65.5-395.1,19.5C242,1.8,242,5.4,184.8,20.6C128,35.8,132.3,44.9,89.9,52.5C28.6,63.7,0,0,0,0 h1000c0,0-9.9,40.9-83.6,48.1S829.6,47,766.1,28.9z\"\/>\n<\/svg>\t\t<\/div>\n\t\t\t\t<div class=\"elementor-shape elementor-shape-bottom\" aria-hidden=\"true\" data-negative=\"true\">\n\t\t\t<svg xmlns=\"http:\/\/www.w3.org\/2000\/svg\" viewBox=\"0 0 1000 100\" preserveAspectRatio=\"none\">\n\t<path class=\"elementor-shape-fill\" d=\"M500,97C126.7,96.3,0.8,19.8,0,0v100l1000,0V1C1000,19.4,873.3,97.8,500,97z\"\/>\n<\/svg>\t\t<\/div>\n\t\t\t\t<div class=\"elementor-element elementor-element-004a9d5 elementor--h-position-center elementor--v-position-middle elementor-arrows-position-inside elementor-pagination-position-inside elementor-widget elementor-widget-slides\" data-id=\"004a9d5\" data-element_type=\"widget\" data-e-type=\"widget\" data-settings=\"{&quot;navigation&quot;:&quot;both&quot;,&quot;autoplay&quot;:&quot;yes&quot;,&quot;pause_on_hover&quot;:&quot;yes&quot;,&quot;pause_on_interaction&quot;:&quot;yes&quot;,&quot;autoplay_speed&quot;:5000,&quot;infinite&quot;:&quot;yes&quot;,&quot;transition&quot;:&quot;slide&quot;,&quot;transition_speed&quot;:500}\" data-widget_type=\"slides.default\">\n\t\t\t\t\t\t\t\t\t\t<div class=\"elementor-slides-wrapper elementor-main-swiper swiper\" role=\"region\" aria-roledescription=\"carousel\" aria-label=\"Slides\" dir=\"ltr\" data-animation=\"fadeInUp\">\n\t\t\t\t<div class=\"swiper-wrapper elementor-slides\">\n\t\t\t\t\t\t\t\t\t\t<div class=\"elementor-repeater-item-d378bbc swiper-slide\" role=\"group\" aria-roledescription=\"slide\"><div class=\"swiper-slide-bg elementor-ken-burns elementor-ken-burns--in\" role=\"img\" aria-label=\"banco-bienestar-Nuevo-Leon-3\"><\/div><div class=\"elementor-background-overlay\"><\/div><div class=\"swiper-slide-inner\" ><div class=\"swiper-slide-contents\"><div class=\"elementor-slide-heading\">Aprende con el<br>Banco del Bienestar<\/div><\/div><\/div><\/div>\t\t\t\t<\/div>\n\t\t\t\t\t\t\t<\/div>\n\t\t\t\t\t\t\t\t<\/div>\n\t\t\t\t<\/div>\n\t\t<div class=\"elementor-element elementor-element-d935e18 e-con-full e-flex e-con e-parent\" data-id=\"d935e18\" data-element_type=\"container\" data-e-type=\"container\">\n\t\t<div class=\"elementor-element elementor-element-ad670dd e-flex e-con-boxed e-con e-child\" data-id=\"ad670dd\" data-element_type=\"container\" data-e-type=\"container\">\n\t\t\t\t\t<div class=\"e-con-inner\">\n\t\t\t\t<div class=\"elementor-element elementor-element-6895773 elementor-widget elementor-widget-spacer\" data-id=\"6895773\" data-element_type=\"widget\" data-e-type=\"widget\" data-widget_type=\"spacer.default\">\n\t\t\t\t\t\t\t<div class=\"elementor-spacer\">\n\t\t\t<div class=\"elementor-spacer-inner\"><\/div>\n\t\t<\/div>\n\t\t\t\t\t\t<\/div>\n\t\t\t\t<div class=\"elementor-element elementor-element-a302bc0 elementor-widget elementor-widget-heading\" data-id=\"a302bc0\" data-element_type=\"widget\" data-e-type=\"widget\" data-widget_type=\"heading.default\">\n\t\t\t\t\t<h2 class=\"elementor-heading-title elementor-size-default\">Bienvenido<\/h2>\t\t\t\t<\/div>\n\t\t\t\t<div class=\"elementor-element elementor-element-4df4725 elementor-widget elementor-widget-text-editor\" data-id=\"4df4725\" data-element_type=\"widget\" data-e-type=\"widget\" data-widget_type=\"text-editor.default\">\n\t\t\t\t\t\t\t\t\t<p>Buscamos acompa\u00f1arte paso a paso para que tomes las mejores decisiones sobre tus finanzas personales, planees tus gastos, sepas c\u00f3mo ahorrar, proteger tus datos y aprovechar mejor los productos y servicios del Banco del Bienestar.\u00a0<\/p>\t\t\t\t\t\t\t\t<\/div>\n\t\t\t\t<div class=\"elementor-element elementor-element-106ad5e elementor-widget elementor-widget-heading\" data-id=\"106ad5e\" data-element_type=\"widget\" data-e-type=\"widget\" data-widget_type=\"heading.default\">\n\t\t\t\t\t<p class=\"elementor-heading-title elementor-size-default\">#Educaci\u00f3nFinancieraParaTuBienestar\u00a0<\/p>\t\t\t\t<\/div>\n\t\t\t\t\t<\/div>\n\t\t\t\t<\/div>\n\t\t<div class=\"elementor-element elementor-element-0839e84 e-flex e-con-boxed e-con e-child\" data-id=\"0839e84\" data-element_type=\"container\" data-e-type=\"container\">\n\t\t\t\t\t<div class=\"e-con-inner\">\n\t\t\t\t<div class=\"elementor-element elementor-element-2ba9983 elementor-widget elementor-widget-spacer\" data-id=\"2ba9983\" data-element_type=\"widget\" data-e-type=\"widget\" data-widget_type=\"spacer.default\">\n\t\t\t\t\t\t\t<div class=\"elementor-spacer\">\n\t\t\t<div class=\"elementor-spacer-inner\"><\/div>\n\t\t<\/div>\n\t\t\t\t\t\t<\/div>\n\t\t\t\t\t<\/div>\n\t\t\t\t<\/div>\n\t\t\t\t<\/div>\n\t\t<div class=\"elementor-element elementor-element-87fb3df e-flex e-con-boxed e-con e-parent\" data-id=\"87fb3df\" data-element_type=\"container\" data-e-type=\"container\">\n\t\t\t\t\t<div class=\"e-con-inner\">\n\t\t<div class=\"elementor-element elementor-element-1a611f8 e-con-full e-flex e-con e-child\" data-id=\"1a611f8\" data-element_type=\"container\" data-e-type=\"container\">\n\t\t<div class=\"elementor-element elementor-element-33a1f9d e-con-full e-flex e-con e-child\" data-id=\"33a1f9d\" data-element_type=\"container\" data-e-type=\"container\">\n\t\t\t\t<div class=\"elementor-element elementor-element-48b7717 elementor-widget elementor-widget-heading\" data-id=\"48b7717\" data-element_type=\"widget\" data-e-type=\"widget\" data-widget_type=\"heading.default\">\n\t\t\t\t\t<h2 class=\"elementor-heading-title elementor-size-default\">\u00bfQui\u00e9nes somos?<\/h2>\t\t\t\t<\/div>\n\t\t\t\t<div class=\"elementor-element elementor-element-3245d0b elementor-widget elementor-widget-text-editor\" data-id=\"3245d0b\" data-element_type=\"widget\" data-e-type=\"widget\" data-widget_type=\"text-editor.default\">\n\t\t\t\t\t\t\t\t\t<p>Somos una iniciativa educativa del Banco del Bienestar, creada para fortalecer la cultura financiera de todas las personas en M\u00e9xico. Aqu\u00ed aprender\u00e1s de manera sencilla y pr\u00e1ctica, con ejemplos cercanos a tu vida cotidiana, materiales interactivos y recursos dise\u00f1ados para ayudarte a lograr tus metas financieras.<\/p>\t\t\t\t\t\t\t\t<\/div>\n\t\t\t\t<\/div>\n\t\t<div class=\"elementor-element elementor-element-40cacdd e-con-full e-flex e-con e-child\" data-id=\"40cacdd\" data-element_type=\"container\" data-e-type=\"container\">\n\t\t\t\t<div class=\"elementor-element elementor-element-c1a1f60 elementor-widget elementor-widget-image\" data-id=\"c1a1f60\" data-element_type=\"widget\" data-e-type=\"widget\" data-widget_type=\"image.default\">\n\t\t\t\t\t\t\t\t\t\t\t\t\t\t\t<img fetchpriority=\"high\" decoding=\"async\" width=\"832\" height=\"1018\" src=\"https:\/\/nuestrasfinanzasencorto.com\/wp-content\/uploads\/2026\/02\/fondo-y-colocar-fondo-blanco-mantener-__33963-1.png\" class=\"attachment-large size-large wp-image-4525\" alt=\"\" srcset=\"https:\/\/nuestrasfinanzasencorto.com\/wp-content\/uploads\/2026\/02\/fondo-y-colocar-fondo-blanco-mantener-__33963-1.png 832w, https:\/\/nuestrasfinanzasencorto.com\/wp-content\/uploads\/2026\/02\/fondo-y-colocar-fondo-blanco-mantener-__33963-1-245x300.png 245w, https:\/\/nuestrasfinanzasencorto.com\/wp-content\/uploads\/2026\/02\/fondo-y-colocar-fondo-blanco-mantener-__33963-1-768x940.png 768w, https:\/\/nuestrasfinanzasencorto.com\/wp-content\/uploads\/2026\/02\/fondo-y-colocar-fondo-blanco-mantener-__33963-1-600x734.png 600w\" sizes=\"(max-width: 832px) 100vw, 832px\" \/>\t\t\t\t\t\t\t\t\t\t\t\t\t\t\t<\/div>\n\t\t\t\t<\/div>\n\t\t\t\t<\/div>\n\t\t\t\t\t<\/div>\n\t\t\t\t<\/div>\n\t\t<div class=\"elementor-element elementor-element-0729828 e-flex e-con-boxed e-con e-parent\" data-id=\"0729828\" data-element_type=\"container\" data-e-type=\"container\">\n\t\t\t\t\t<div class=\"e-con-inner\">\n\t\t<div class=\"elementor-element elementor-element-0529087 e-con-full e-flex e-con e-child\" data-id=\"0529087\" data-element_type=\"container\" data-e-type=\"container\">\n\t\t<div class=\"elementor-element elementor-element-f9802bb e-con-full e-flex e-con e-child\" data-id=\"f9802bb\" data-element_type=\"container\" data-e-type=\"container\">\n\t\t\t\t<div class=\"elementor-element elementor-element-0e7f7a5 elementor-widget elementor-widget-heading\" data-id=\"0e7f7a5\" data-element_type=\"widget\" data-e-type=\"widget\" data-widget_type=\"heading.default\">\n\t\t\t\t\t<h2 class=\"elementor-heading-title elementor-size-default\">Misi\u00f3n<\/h2>\t\t\t\t<\/div>\n\t\t\t\t<div class=\"elementor-element elementor-element-f6c19b1 elementor-widget elementor-widget-text-editor\" data-id=\"f6c19b1\" data-element_type=\"widget\" data-e-type=\"widget\" data-widget_type=\"text-editor.default\">\n\t\t\t\t\t\t\t\t\t<p>Impulsar el desarrollo y bienestar de las familias mexicanas a trav\u00e9s de la educaci\u00f3n financiera accesible, \u00e9tica y social, que promueva el uso responsable de los recursos y fortalezca la inclusi\u00f3n econ\u00f3mica y financiera de toda la poblaci\u00f3n.<\/p>\t\t\t\t\t\t\t\t<\/div>\n\t\t\t\t<\/div>\n\t\t<div class=\"elementor-element elementor-element-c4ee508 e-con-full e-flex e-con e-child\" data-id=\"c4ee508\" data-element_type=\"container\" data-e-type=\"container\">\n\t\t\t\t<div class=\"elementor-element elementor-element-028c35f elementor-widget elementor-widget-image\" data-id=\"028c35f\" data-element_type=\"widget\" data-e-type=\"widget\" data-widget_type=\"image.default\">\n\t\t\t\t\t\t\t\t\t\t\t\t\t\t\t<img decoding=\"async\" width=\"763\" height=\"860\" src=\"https:\/\/nuestrasfinanzasencorto.com\/wp-content\/uploads\/2025\/11\/arbol.png\" class=\"attachment-large size-large wp-image-518\" alt=\"\" srcset=\"https:\/\/nuestrasfinanzasencorto.com\/wp-content\/uploads\/2025\/11\/arbol.png 763w, https:\/\/nuestrasfinanzasencorto.com\/wp-content\/uploads\/2025\/11\/arbol-266x300.png 266w, https:\/\/nuestrasfinanzasencorto.com\/wp-content\/uploads\/2025\/11\/arbol-600x676.png 600w\" sizes=\"(max-width: 763px) 100vw, 763px\" \/>\t\t\t\t\t\t\t\t\t\t\t\t\t\t\t<\/div>\n\t\t\t\t<\/div>\n\t\t\t\t<\/div>\n\t\t\t\t\t<\/div>\n\t\t\t\t<\/div>\n\t\t<div class=\"elementor-element elementor-element-61f78b2 e-flex e-con-boxed e-con e-parent\" data-id=\"61f78b2\" data-element_type=\"container\" data-e-type=\"container\">\n\t\t\t\t\t<div class=\"e-con-inner\">\n\t\t<div class=\"elementor-element elementor-element-cd64af1 e-con-full e-flex e-con e-child\" data-id=\"cd64af1\" data-element_type=\"container\" data-e-type=\"container\">\n\t\t<div class=\"elementor-element elementor-element-42170a7 e-con-full e-flex e-con e-child\" data-id=\"42170a7\" data-element_type=\"container\" data-e-type=\"container\">\n\t\t\t\t<div class=\"elementor-element elementor-element-653c5e7 elementor-widget elementor-widget-heading\" data-id=\"653c5e7\" data-element_type=\"widget\" data-e-type=\"widget\" data-widget_type=\"heading.default\">\n\t\t\t\t\t<h2 class=\"elementor-heading-title elementor-size-default\">Visi\u00f3n<\/h2>\t\t\t\t<\/div>\n\t\t\t\t<div class=\"elementor-element elementor-element-61b0761 elementor-widget elementor-widget-text-editor\" data-id=\"61b0761\" data-element_type=\"widget\" data-e-type=\"widget\" data-widget_type=\"text-editor.default\">\n\t\t\t\t\t\t\t\t\t<p>Contribuir al acceso universal al<br \/>conocimiento financiero, fomentando una sociedad m\u00e1s informada, equitativa y con mayores oportunidades para alcanzar el bienestar econ\u00f3mico y social.<\/p>\t\t\t\t\t\t\t\t<\/div>\n\t\t\t\t<\/div>\n\t\t<div class=\"elementor-element elementor-element-17b7652 e-con-full e-flex e-con e-child\" data-id=\"17b7652\" data-element_type=\"container\" data-e-type=\"container\">\n\t\t\t\t<div class=\"elementor-element elementor-element-b7ca2a5 elementor-widget elementor-widget-image\" data-id=\"b7ca2a5\" data-element_type=\"widget\" data-e-type=\"widget\" data-widget_type=\"image.default\">\n\t\t\t\t\t\t\t\t\t\t\t\t\t\t\t<img decoding=\"async\" width=\"657\" height=\"657\" src=\"https:\/\/nuestrasfinanzasencorto.com\/wp-content\/uploads\/2025\/11\/Target.png\" class=\"attachment-large size-large wp-image-519\" alt=\"\" srcset=\"https:\/\/nuestrasfinanzasencorto.com\/wp-content\/uploads\/2025\/11\/Target.png 657w, https:\/\/nuestrasfinanzasencorto.com\/wp-content\/uploads\/2025\/11\/Target-300x300.png 300w, https:\/\/nuestrasfinanzasencorto.com\/wp-content\/uploads\/2025\/11\/Target-150x150.png 150w, https:\/\/nuestrasfinanzasencorto.com\/wp-content\/uploads\/2025\/11\/Target-100x100.png 100w, https:\/\/nuestrasfinanzasencorto.com\/wp-content\/uploads\/2025\/11\/Target-600x600.png 600w, https:\/\/nuestrasfinanzasencorto.com\/wp-content\/uploads\/2025\/11\/Target-250x250.png 250w\" sizes=\"(max-width: 657px) 100vw, 657px\" \/>\t\t\t\t\t\t\t\t\t\t\t\t\t\t\t<\/div>\n\t\t\t\t<\/div>\n\t\t\t\t<\/div>\n\t\t\t\t\t<\/div>\n\t\t\t\t<\/div>\n\t\t<div class=\"elementor-element elementor-element-2543a53 e-flex e-con-boxed e-con e-parent\" data-id=\"2543a53\" data-element_type=\"container\" data-e-type=\"container\">\n\t\t\t\t\t<div class=\"e-con-inner\">\n\t\t\t\t<div class=\"elementor-element elementor-element-60cfcc3 elementor-widget elementor-widget-heading\" data-id=\"60cfcc3\" data-element_type=\"widget\" data-e-type=\"widget\" data-widget_type=\"heading.default\">\n\t\t\t\t\t<h2 class=\"elementor-heading-title elementor-size-default\">Nuestros Valores<\/h2>\t\t\t\t<\/div>\n\t\t<div class=\"elementor-element elementor-element-bcf48af e-con-full e-flex e-con e-child\" data-id=\"bcf48af\" data-element_type=\"container\" data-e-type=\"container\">\n\t\t<div class=\"elementor-element elementor-element-74b5459 e-con-full e-flex e-con e-child\" data-id=\"74b5459\" data-element_type=\"container\" data-e-type=\"container\">\n\t\t\t\t<div class=\"elementor-element elementor-element-3f105eb elementor-widget elementor-widget-image\" data-id=\"3f105eb\" data-element_type=\"widget\" data-e-type=\"widget\" data-widget_type=\"image.default\">\n\t\t\t\t\t\t\t\t\t\t\t\t\t\t\t<img loading=\"lazy\" decoding=\"async\" width=\"200\" height=\"200\" src=\"https:\/\/nuestrasfinanzasencorto.com\/wp-content\/uploads\/2025\/11\/manos.png\" class=\"attachment-large size-large wp-image-520\" alt=\"Inclusi\u00f3n\" srcset=\"https:\/\/nuestrasfinanzasencorto.com\/wp-content\/uploads\/2025\/11\/manos.png 200w, https:\/\/nuestrasfinanzasencorto.com\/wp-content\/uploads\/2025\/11\/manos-150x150.png 150w, https:\/\/nuestrasfinanzasencorto.com\/wp-content\/uploads\/2025\/11\/manos-100x100.png 100w\" sizes=\"(max-width: 200px) 100vw, 200px\" \/>\t\t\t\t\t\t\t\t\t\t\t\t\t\t\t<\/div>\n\t\t\t\t<div class=\"elementor-element elementor-element-35aa89e elementor-widget elementor-widget-heading\" data-id=\"35aa89e\" data-element_type=\"widget\" data-e-type=\"widget\" data-widget_type=\"heading.default\">\n\t\t\t\t\t<h2 class=\"elementor-heading-title elementor-size-default\">Inclusi\u00f3n<\/h2>\t\t\t\t<\/div>\n\t\t\t\t<div class=\"elementor-element elementor-element-664412d elementor-widget elementor-widget-text-editor\" data-id=\"664412d\" data-element_type=\"widget\" data-e-type=\"widget\" data-widget_type=\"text-editor.default\">\n\t\t\t\t\t\t\t\t\t<p>Creemos que todas las personas<br \/>tienen derecho a aprender,<br \/>desarrollarse y alcanzar su<br \/>bienestar financiero.<\/p>\t\t\t\t\t\t\t\t<\/div>\n\t\t\t\t<\/div>\n\t\t<div class=\"elementor-element elementor-element-c283e8f e-con-full e-flex e-con e-child\" data-id=\"c283e8f\" data-element_type=\"container\" data-e-type=\"container\">\n\t\t\t\t<div class=\"elementor-element elementor-element-e62dc7a elementor-widget elementor-widget-image\" data-id=\"e62dc7a\" data-element_type=\"widget\" data-e-type=\"widget\" data-widget_type=\"image.default\">\n\t\t\t\t\t\t\t\t\t\t\t\t\t\t\t<img loading=\"lazy\" decoding=\"async\" width=\"200\" height=\"200\" src=\"https:\/\/nuestrasfinanzasencorto.com\/wp-content\/uploads\/2025\/11\/cercania.png\" class=\"attachment-large size-large wp-image-521\" alt=\"\" srcset=\"https:\/\/nuestrasfinanzasencorto.com\/wp-content\/uploads\/2025\/11\/cercania.png 200w, https:\/\/nuestrasfinanzasencorto.com\/wp-content\/uploads\/2025\/11\/cercania-150x150.png 150w, https:\/\/nuestrasfinanzasencorto.com\/wp-content\/uploads\/2025\/11\/cercania-100x100.png 100w\" sizes=\"(max-width: 200px) 100vw, 200px\" \/>\t\t\t\t\t\t\t\t\t\t\t\t\t\t\t<\/div>\n\t\t\t\t<div class=\"elementor-element elementor-element-9c51a61 elementor-widget elementor-widget-heading\" data-id=\"9c51a61\" data-element_type=\"widget\" data-e-type=\"widget\" data-widget_type=\"heading.default\">\n\t\t\t\t\t<h2 class=\"elementor-heading-title elementor-size-default\">Cercan\u00eda<\/h2>\t\t\t\t<\/div>\n\t\t\t\t<div class=\"elementor-element elementor-element-66c5a46 elementor-widget elementor-widget-text-editor\" data-id=\"66c5a46\" data-element_type=\"widget\" data-e-type=\"widget\" data-widget_type=\"text-editor.default\">\n\t\t\t\t\t\t\t\t\t<p>Nos expresamos en tu idioma,<br \/>comprendemos tus necesidades y<br \/>te acompa\u00f1amos en tu<br \/>aprendizaje.<\/p>\t\t\t\t\t\t\t\t<\/div>\n\t\t\t\t<\/div>\n\t\t<div class=\"elementor-element elementor-element-921bc2a e-con-full e-flex e-con e-child\" data-id=\"921bc2a\" data-element_type=\"container\" data-e-type=\"container\">\n\t\t\t\t<div class=\"elementor-element elementor-element-6683bcd elementor-widget elementor-widget-image\" data-id=\"6683bcd\" data-element_type=\"widget\" data-e-type=\"widget\" data-widget_type=\"image.default\">\n\t\t\t\t\t\t\t\t\t\t\t\t\t\t\t<img loading=\"lazy\" decoding=\"async\" width=\"200\" height=\"200\" src=\"https:\/\/nuestrasfinanzasencorto.com\/wp-content\/uploads\/2025\/11\/confinaza.png\" class=\"attachment-large size-large wp-image-522\" alt=\"\" srcset=\"https:\/\/nuestrasfinanzasencorto.com\/wp-content\/uploads\/2025\/11\/confinaza.png 200w, https:\/\/nuestrasfinanzasencorto.com\/wp-content\/uploads\/2025\/11\/confinaza-150x150.png 150w, https:\/\/nuestrasfinanzasencorto.com\/wp-content\/uploads\/2025\/11\/confinaza-100x100.png 100w\" sizes=\"(max-width: 200px) 100vw, 200px\" \/>\t\t\t\t\t\t\t\t\t\t\t\t\t\t\t<\/div>\n\t\t\t\t<div class=\"elementor-element elementor-element-3eebcb5 elementor-widget elementor-widget-heading\" data-id=\"3eebcb5\" data-element_type=\"widget\" data-e-type=\"widget\" data-widget_type=\"heading.default\">\n\t\t\t\t\t<h2 class=\"elementor-heading-title elementor-size-default\">Confianza<\/h2>\t\t\t\t<\/div>\n\t\t\t\t<div class=\"elementor-element elementor-element-48ff29d elementor-widget elementor-widget-text-editor\" data-id=\"48ff29d\" data-element_type=\"widget\" data-e-type=\"widget\" data-widget_type=\"text-editor.default\">\n\t\t\t\t\t\t\t\t\t<p>Promovemos un espacio seguro<br \/>donde aprender es crecer y tu<br \/>desarrollo es nuestra prioridad.<\/p>\t\t\t\t\t\t\t\t<\/div>\n\t\t\t\t<\/div>\n\t\t\t\t<\/div>\n\t\t\t\t\t<\/div>\n\t\t\t\t<\/div>\n\t\t<div class=\"elementor-element elementor-element-95ced8f e-flex e-con-boxed e-con e-parent\" data-id=\"95ced8f\" data-element_type=\"container\" data-e-type=\"container\">\n\t\t\t\t\t<div class=\"e-con-inner\">\n\t\t<div class=\"elementor-element elementor-element-f92b3aa e-con-full e-flex e-con e-child\" data-id=\"f92b3aa\" data-element_type=\"container\" data-e-type=\"container\">\n\t\t\t\t<div class=\"elementor-element elementor-element-149c91e elementor-widget elementor-widget-spacer\" data-id=\"149c91e\" data-element_type=\"widget\" data-e-type=\"widget\" data-widget_type=\"spacer.default\">\n\t\t\t\t\t\t\t<div class=\"elementor-spacer\">\n\t\t\t<div class=\"elementor-spacer-inner\"><\/div>\n\t\t<\/div>\n\t\t\t\t\t\t<\/div>\n\t\t\t\t<div class=\"elementor-element elementor-element-2908ad0 elementor-widget elementor-widget-heading\" data-id=\"2908ad0\" data-element_type=\"widget\" data-e-type=\"widget\" data-widget_type=\"heading.default\">\n\t\t\t\t\t<h2 class=\"elementor-heading-title elementor-size-default\">Contacto<\/h2>\t\t\t\t<\/div>\n\t\t\t\t<div class=\"elementor-element elementor-element-7a625c7 elementor-widget elementor-widget-spacer\" data-id=\"7a625c7\" data-element_type=\"widget\" data-e-type=\"widget\" data-widget_type=\"spacer.default\">\n\t\t\t\t\t\t\t<div class=\"elementor-spacer\">\n\t\t\t<div class=\"elementor-spacer-inner\"><\/div>\n\t\t<\/div>\n\t\t\t\t\t\t<\/div>\n\t\t<div class=\"elementor-element elementor-element-f698517 e-grid hostinger-ai-resume-2 e-con-full e-con e-child\" data-id=\"f698517\" data-element_type=\"container\" data-e-type=\"container\">\n\t\t<div class=\"elementor-element elementor-element-318786b e-con-full e-flex e-con e-child\" data-id=\"318786b\" data-element_type=\"container\" data-e-type=\"container\">\n\t\t\t\t<div class=\"elementor-element elementor-element-9adc879 elementor-widget elementor-widget-heading\" data-id=\"9adc879\" data-element_type=\"widget\" data-e-type=\"widget\" data-widget_type=\"heading.default\">\n\t\t\t\t\t<h2 class=\"elementor-heading-title elementor-size-default\">Direcci\u00f3n:<\/h2>\t\t\t\t<\/div>\n\t\t\t\t<div class=\"elementor-element elementor-element-d017c11 elementor-widget elementor-widget-google_maps\" data-id=\"d017c11\" data-element_type=\"widget\" data-e-type=\"widget\" data-widget_type=\"google_maps.default\">\n\t\t\t\t\t\t\t<div class=\"elementor-custom-embed\">\n\t\t\t<iframe loading=\"lazy\"\n\t\t\t\t\tsrc=\"https:\/\/maps.google.com\/maps?q=Rio%20de%20la%20Magdalena%20115%2C%20Tizap%C3%A1n%20San%20%C3%81ngel%2C%20Progreso%20Tizap%C3%A1n%2C%20%C3%81lvaro%20Obreg%C3%B3n%2C%2001080%20Ciudad%20de%20M%C3%A9xico%2C%20CDMX&#038;t=m&#038;z=13&#038;output=embed&#038;iwloc=near\"\n\t\t\t\t\ttitle=\"Rio de la Magdalena 115, Tizap\u00e1n San \u00c1ngel, Progreso Tizap\u00e1n, \u00c1lvaro Obreg\u00f3n, 01080 Ciudad de M\u00e9xico, CDMX\"\n\t\t\t\t\taria-label=\"Rio de la Magdalena 115, Tizap\u00e1n San \u00c1ngel, Progreso Tizap\u00e1n, \u00c1lvaro Obreg\u00f3n, 01080 Ciudad de M\u00e9xico, CDMX\"\n\t\t\t><\/iframe>\n\t\t<\/div>\n\t\t\t\t\t\t<\/div>\n\t\t\t\t<\/div>\n\t\t<div class=\"elementor-element elementor-element-484edcd e-con-full e-grid e-con e-child\" data-id=\"484edcd\" data-element_type=\"container\" data-e-type=\"container\">\n\t\t\t\t<div class=\"elementor-element elementor-element-282de90 hostinger-ai-title elementor-widget elementor-widget-heading\" data-id=\"282de90\" data-element_type=\"widget\" data-e-type=\"widget\" data-widget_type=\"heading.default\">\n\t\t\t\t\t<h2 class=\"elementor-heading-title elementor-size-default\">Correo:<\/h2>\t\t\t\t<\/div>\n\t\t\t\t<div class=\"elementor-element elementor-element-49c639e elementor-widget elementor-widget-text-editor\" data-id=\"49c639e\" data-element_type=\"widget\" data-e-type=\"widget\" data-widget_type=\"text-editor.default\">\n\t\t\t\t\t\t\t\t\t<p>UIF@bancodelbienestar.com<\/p>\t\t\t\t\t\t\t\t<\/div>\n\t\t\t\t<div class=\"elementor-element elementor-element-a8806dd hostinger-ai-title hostinger-index-1 elementor-widget elementor-widget-heading\" data-id=\"a8806dd\" data-element_type=\"widget\" data-e-type=\"widget\" data-widget_type=\"heading.default\">\n\t\t\t\t\t<h2 class=\"elementor-heading-title elementor-size-default\">Tel\u00e9fono:<\/h2>\t\t\t\t<\/div>\n\t\t\t\t<div class=\"elementor-element elementor-element-3669f5c elementor-widget elementor-widget-text-editor\" data-id=\"3669f5c\" data-element_type=\"widget\" data-e-type=\"widget\" data-widget_type=\"text-editor.default\">\n\t\t\t\t\t\t\t\t\t<p>55 4881 3300 EXT.****<\/p>\t\t\t\t\t\t\t\t<\/div>\n\t\t\t\t<\/div>\n\t\t\t\t<\/div>\n\t\t\t\t<\/div>\n\t\t\t\t<div class=\"elementor-element elementor-element-5ccc520 elementor-widget elementor-widget-spacer\" data-id=\"5ccc520\" data-element_type=\"widget\" data-e-type=\"widget\" data-widget_type=\"spacer.default\">\n\t\t\t\t\t\t\t<div class=\"elementor-spacer\">\n\t\t\t<div class=\"elementor-spacer-inner\"><\/div>\n\t\t<\/div>\n\t\t\t\t\t\t<\/div>\n\t\t\t\t\t<\/div>\n\t\t\t\t<\/div>\n\t\t\t\t<\/div>\n\t\t","protected":false},"excerpt":{"rendered":"<div class=\"tmnf_excerpt\">Aprende con elBanco del Bienestar Bienvenido Buscamos acompa\u00f1arte paso a paso para que tomes las mejores decisiones sobre tus finanzas personales, planees tus gastos, sepas c\u00f3mo ahorrar, proteger tus datos y aprovechar mejor los productos y servicios del Banco del Bienestar.\u00a0 #Educaci\u00f3nFinancieraPa\u2026<\/div>","protected":false},"author":1,"featured_media":0,"parent":0,"menu_order":0,"comment_status":"closed","ping_status":"closed","template":"elementor_header_footer","meta":{"_acf_changed":false,"footnotes":""},"class_list":["post-11","page","type-page","status-publish","hentry"],"acf":[],"_hostinger_reach_plugin_has_subscription_block":false,"_hostinger_reach_plugin_is_elementor":false,"_links":{"self":[{"href":"https:\/\/nuestrasfinanzasencorto.com\/inicio\/wp-json\/wp\/v2\/pages\/11","targetHints":{"allow":["GET"]}}],"collection":[{"href":"https:\/\/nuestrasfinanzasencorto.com\/inicio\/wp-json\/wp\/v2\/pages"}],"about":[{"href":"https:\/\/nuestrasfinanzasencorto.com\/inicio\/wp-json\/wp\/v2\/types\/page"}],"author":[{"embeddable":true,"href":"https:\/\/nuestrasfinanzasencorto.com\/inicio\/wp-json\/wp\/v2\/users\/1"}],"replies":[{"embeddable":true,"href":"https:\/\/nuestrasfinanzasencorto.com\/inicio\/wp-json\/wp\/v2\/comments?post=11"}],"version-history":[{"count":292,"href":"https:\/\/nuestrasfinanzasencorto.com\/inicio\/wp-json\/wp\/v2\/pages\/11\/revisions"}],"predecessor-version":[{"id":5013,"href":"https:\/\/nuestrasfinanzasencorto.com\/inicio\/wp-json\/wp\/v2\/pages\/11\/revisions\/5013"}],"wp:attachment":[{"href":"https:\/\/nuestrasfinanzasencorto.com\/inicio\/wp-json\/wp\/v2\/media?parent=11"}],"curies":[{"name":"wp","href":"https:\/\/api.w.org\/{rel}","templated":true}]}}