{"id":1232,"date":"2026-01-06T16:19:04","date_gmt":"2026-01-06T16:19:04","guid":{"rendered":"https:\/\/nuestrasfinanzasencorto.com\/?page_id=1232"},"modified":"2026-02-26T18:16:26","modified_gmt":"2026-02-26T18:16:26","slug":"mujeres-2","status":"publish","type":"page","link":"https:\/\/nuestrasfinanzasencorto.com\/inicio\/aprende\/mujeres-2\/","title":{"rendered":"Mujeres"},"content":{"rendered":"\t\t<div data-elementor-type=\"wp-page\" data-elementor-id=\"1232\" class=\"elementor elementor-1232\" data-elementor-post-type=\"page\">\n\t\t\t\t<div class=\"elementor-element elementor-element-24cdfdb8 e-flex e-con-boxed e-con e-parent\" data-id=\"24cdfdb8\" data-element_type=\"container\" data-e-type=\"container\">\n\t\t\t\t\t<div class=\"e-con-inner\">\n\t\t\t\t<div class=\"elementor-element elementor-element-f5e577f elementor-widget elementor-widget-heading\" data-id=\"f5e577f\" data-element_type=\"widget\" data-e-type=\"widget\" data-widget_type=\"heading.default\">\n\t\t\t\t\t<h2 class=\"elementor-heading-title elementor-size-default\">Mujeres<\/h2>\t\t\t\t<\/div>\n\t\t\t\t<div class=\"elementor-element elementor-element-7a5cddea elementor-widget elementor-widget-text-editor\" data-id=\"7a5cddea\" data-element_type=\"widget\" data-e-type=\"widget\" data-widget_type=\"text-editor.default\">\n\t\t\t\t\t\t\t\t\t\n<p>Este espacio est\u00e1 pensado para acompa\u00f1arte en tus metas, ya sea que quieras ahorrar, emprender o administrar mejor el dinero del hogar. Descubre consejos pr\u00e1cticos, historias y herramientas para tomar decisiones financieras con confianza y seguridad.<\/p>\n\n<p>\u00a0<\/p>\n\t\t\t\t\t\t\t\t<\/div>\n\t\t\t\t<div class=\"elementor-element elementor-element-eb1b081 elementor-grid-3 elementor-grid-tablet-2 elementor-grid-mobile-1 elementor-posts--thumbnail-top elementor-card-shadow-yes elementor-posts__hover-gradient elementor-widget elementor-widget-posts\" data-id=\"eb1b081\" data-element_type=\"widget\" data-e-type=\"widget\" data-settings=\"{&quot;cards_masonry&quot;:&quot;yes&quot;,&quot;pagination_type&quot;:&quot;numbers&quot;,&quot;cards_columns&quot;:&quot;3&quot;,&quot;cards_columns_tablet&quot;:&quot;2&quot;,&quot;cards_columns_mobile&quot;:&quot;1&quot;,&quot;cards_row_gap&quot;:{&quot;unit&quot;:&quot;px&quot;,&quot;size&quot;:35,&quot;sizes&quot;:[]},&quot;cards_row_gap_tablet&quot;:{&quot;unit&quot;:&quot;px&quot;,&quot;size&quot;:&quot;&quot;,&quot;sizes&quot;:[]},&quot;cards_row_gap_mobile&quot;:{&quot;unit&quot;:&quot;px&quot;,&quot;size&quot;:&quot;&quot;,&quot;sizes&quot;:[]}}\" data-widget_type=\"posts.cards\">\n\t\t\t\t<div class=\"elementor-widget-container\">\n\t\t\t\t\t\t\t<div class=\"elementor-posts-container elementor-posts elementor-posts--skin-cards elementor-grid\" role=\"list\">\n\t\t\t\t<article class=\"elementor-post elementor-grid-item post-2065 post type-post status-publish format-standard has-post-thumbnail hentry category-libertad-financiera tag-mujeres tag-ahorro-e-inversion formato-articulo\" role=\"listitem\">\n\t\t\t<div class=\"elementor-post__card\">\n\t\t\t\t<a class=\"elementor-post__thumbnail__link\" href=\"https:\/\/nuestrasfinanzasencorto.com\/inicio\/ahorro-invisible-pequenos-cambios-diarios-para-mujeres-que-deciden-su-futuro\/\" tabindex=\"-1\" ><div class=\"elementor-post__thumbnail\"><img decoding=\"async\" width=\"300\" height=\"164\" src=\"https:\/\/nuestrasfinanzasencorto.com\/wp-content\/uploads\/2026\/01\/ahorro-invisible-1-300x164.png\" class=\"attachment-medium size-medium wp-image-2222\" alt=\"\" srcset=\"https:\/\/nuestrasfinanzasencorto.com\/wp-content\/uploads\/2026\/01\/ahorro-invisible-1-300x164.png 300w, https:\/\/nuestrasfinanzasencorto.com\/wp-content\/uploads\/2026\/01\/ahorro-invisible-1-1024x559.png 1024w, https:\/\/nuestrasfinanzasencorto.com\/wp-content\/uploads\/2026\/01\/ahorro-invisible-1-768x419.png 768w, https:\/\/nuestrasfinanzasencorto.com\/wp-content\/uploads\/2026\/01\/ahorro-invisible-1-1536x838.png 1536w, https:\/\/nuestrasfinanzasencorto.com\/wp-content\/uploads\/2026\/01\/ahorro-invisible-1-2048x1117.png 2048w, https:\/\/nuestrasfinanzasencorto.com\/wp-content\/uploads\/2026\/01\/ahorro-invisible-1-600x327.png 600w\" sizes=\"(max-width: 300px) 100vw, 300px\" \/><\/div><\/a>\n\t\t\t\t<div class=\"elementor-post__badge\">Libertad financiera<\/div>\n\t\t\t\t<div class=\"elementor-post__text\">\n\t\t\t\t<h1 class=\"elementor-post__title\">\n\t\t\t<a href=\"https:\/\/nuestrasfinanzasencorto.com\/inicio\/ahorro-invisible-pequenos-cambios-diarios-para-mujeres-que-deciden-su-futuro\/\" >\n\t\t\t\tAhorro invisible: peque\u00f1os cambios diarios para mujeres que deciden su futuro\t\t\t<\/a>\n\t\t<\/h1>\n\t\t\t\t<\/div>\n\t\t\t\t\t<\/div>\n\t\t<\/article>\n\t\t\t\t<article class=\"elementor-post elementor-grid-item post-3562 post type-post status-publish format-standard has-post-thumbnail hentry category-control-financiero tag-mujeres tag-jovenes formato-podcast\" role=\"listitem\">\n\t\t\t<div class=\"elementor-post__card\">\n\t\t\t\t<a class=\"elementor-post__thumbnail__link\" href=\"https:\/\/nuestrasfinanzasencorto.com\/inicio\/ahorro-y-dinero-2\/\" tabindex=\"-1\" ><div class=\"elementor-post__thumbnail\"><img fetchpriority=\"high\" decoding=\"async\" width=\"300\" height=\"300\" src=\"https:\/\/nuestrasfinanzasencorto.com\/wp-content\/uploads\/2026\/01\/Mniatura-episodio-2-2-300x300.png\" class=\"attachment-medium size-medium wp-image-2566\" alt=\"\" srcset=\"https:\/\/nuestrasfinanzasencorto.com\/wp-content\/uploads\/2026\/01\/Mniatura-episodio-2-2-300x300.png 300w, https:\/\/nuestrasfinanzasencorto.com\/wp-content\/uploads\/2026\/01\/Mniatura-episodio-2-2-1024x1024.png 1024w, https:\/\/nuestrasfinanzasencorto.com\/wp-content\/uploads\/2026\/01\/Mniatura-episodio-2-2-150x150.png 150w, https:\/\/nuestrasfinanzasencorto.com\/wp-content\/uploads\/2026\/01\/Mniatura-episodio-2-2-768x768.png 768w, https:\/\/nuestrasfinanzasencorto.com\/wp-content\/uploads\/2026\/01\/Mniatura-episodio-2-2-100x100.png 100w, https:\/\/nuestrasfinanzasencorto.com\/wp-content\/uploads\/2026\/01\/Mniatura-episodio-2-2-600x600.png 600w, https:\/\/nuestrasfinanzasencorto.com\/wp-content\/uploads\/2026\/01\/Mniatura-episodio-2-2-250x250.png 250w, https:\/\/nuestrasfinanzasencorto.com\/wp-content\/uploads\/2026\/01\/Mniatura-episodio-2-2.png 1400w\" sizes=\"(max-width: 300px) 100vw, 300px\" \/><\/div><\/a>\n\t\t\t\t<div class=\"elementor-post__badge\">Control financiero<\/div>\n\t\t\t\t<div class=\"elementor-post__text\">\n\t\t\t\t<h1 class=\"elementor-post__title\">\n\t\t\t<a href=\"https:\/\/nuestrasfinanzasencorto.com\/inicio\/ahorro-y-dinero-2\/\" >\n\t\t\t\tAhorro y dinero\t\t\t<\/a>\n\t\t<\/h1>\n\t\t\t\t<\/div>\n\t\t\t\t\t<\/div>\n\t\t<\/article>\n\t\t\t\t<article class=\"elementor-post elementor-grid-item post-2587 post type-post status-publish format-standard has-post-thumbnail hentry category-bienestar-financiero tag-mujeres formato-articulo\" role=\"listitem\">\n\t\t\t<div class=\"elementor-post__card\">\n\t\t\t\t<a class=\"elementor-post__thumbnail__link\" href=\"https:\/\/nuestrasfinanzasencorto.com\/inicio\/viajemos-tranquilos\/\" tabindex=\"-1\" ><div class=\"elementor-post__thumbnail\"><img decoding=\"async\" width=\"300\" height=\"150\" src=\"https:\/\/nuestrasfinanzasencorto.com\/wp-content\/uploads\/2025\/11\/personas-con-sombrero-con-familia-en-el-fondo-celebrando-el-5-de-mayo-de-2025-300x150.jpg\" class=\"attachment-medium size-medium wp-image-597\" alt=\"\" srcset=\"https:\/\/nuestrasfinanzasencorto.com\/wp-content\/uploads\/2025\/11\/personas-con-sombrero-con-familia-en-el-fondo-celebrando-el-5-de-mayo-de-2025-300x150.jpg 300w, https:\/\/nuestrasfinanzasencorto.com\/wp-content\/uploads\/2025\/11\/personas-con-sombrero-con-familia-en-el-fondo-celebrando-el-5-de-mayo-de-2025-1024x512.jpg 1024w, https:\/\/nuestrasfinanzasencorto.com\/wp-content\/uploads\/2025\/11\/personas-con-sombrero-con-familia-en-el-fondo-celebrando-el-5-de-mayo-de-2025-768x384.jpg 768w, https:\/\/nuestrasfinanzasencorto.com\/wp-content\/uploads\/2025\/11\/personas-con-sombrero-con-familia-en-el-fondo-celebrando-el-5-de-mayo-de-2025-1536x768.jpg 1536w, https:\/\/nuestrasfinanzasencorto.com\/wp-content\/uploads\/2025\/11\/personas-con-sombrero-con-familia-en-el-fondo-celebrando-el-5-de-mayo-de-2025-2048x1024.jpg 2048w, https:\/\/nuestrasfinanzasencorto.com\/wp-content\/uploads\/2025\/11\/personas-con-sombrero-con-familia-en-el-fondo-celebrando-el-5-de-mayo-de-2025-600x300.jpg 600w\" sizes=\"(max-width: 300px) 100vw, 300px\" \/><\/div><\/a>\n\t\t\t\t<div class=\"elementor-post__badge\">Bienestar financiero<\/div>\n\t\t\t\t<div class=\"elementor-post__text\">\n\t\t\t\t<h1 class=\"elementor-post__title\">\n\t\t\t<a href=\"https:\/\/nuestrasfinanzasencorto.com\/inicio\/viajemos-tranquilos\/\" >\n\t\t\t\tViajemos tranquilos\t\t\t<\/a>\n\t\t<\/h1>\n\t\t\t\t<\/div>\n\t\t\t\t\t<\/div>\n\t\t<\/article>\n\t\t\t\t<article class=\"elementor-post elementor-grid-item post-1210 post type-post status-publish format-standard has-post-thumbnail hentry category-bienestar-financiero tag-mujeres tag-jovenes tag-adultos-mayores tag-inclusion-financiera formato-articulo\" role=\"listitem\">\n\t\t\t<div class=\"elementor-post__card\">\n\t\t\t\t<a class=\"elementor-post__thumbnail__link\" href=\"https:\/\/nuestrasfinanzasencorto.com\/inicio\/el-banco-del-bienestar-esta-en-todas-partes\/\" tabindex=\"-1\" ><div class=\"elementor-post__thumbnail\"><img loading=\"lazy\" decoding=\"async\" width=\"300\" height=\"200\" src=\"https:\/\/nuestrasfinanzasencorto.com\/wp-content\/uploads\/2026\/01\/MG_0135-300x200.jpg\" class=\"attachment-medium size-medium wp-image-3938\" alt=\"\" srcset=\"https:\/\/nuestrasfinanzasencorto.com\/wp-content\/uploads\/2026\/01\/MG_0135-300x200.jpg 300w, https:\/\/nuestrasfinanzasencorto.com\/wp-content\/uploads\/2026\/01\/MG_0135-1024x683.jpg 1024w, https:\/\/nuestrasfinanzasencorto.com\/wp-content\/uploads\/2026\/01\/MG_0135-768x512.jpg 768w, https:\/\/nuestrasfinanzasencorto.com\/wp-content\/uploads\/2026\/01\/MG_0135-1536x1024.jpg 1536w, https:\/\/nuestrasfinanzasencorto.com\/wp-content\/uploads\/2026\/01\/MG_0135-2048x1365.jpg 2048w, https:\/\/nuestrasfinanzasencorto.com\/wp-content\/uploads\/2026\/01\/MG_0135-600x400.jpg 600w\" sizes=\"(max-width: 300px) 100vw, 300px\" \/><\/div><\/a>\n\t\t\t\t<div class=\"elementor-post__badge\">Bienestar financiero<\/div>\n\t\t\t\t<div class=\"elementor-post__text\">\n\t\t\t\t<h1 class=\"elementor-post__title\">\n\t\t\t<a href=\"https:\/\/nuestrasfinanzasencorto.com\/inicio\/el-banco-del-bienestar-esta-en-todas-partes\/\" >\n\t\t\t\tEl Banco del Bienestar\u00a0est\u00e1 en todas partes\u00a0\t\t\t<\/a>\n\t\t<\/h1>\n\t\t\t\t<\/div>\n\t\t\t\t\t<\/div>\n\t\t<\/article>\n\t\t\t\t<article class=\"elementor-post elementor-grid-item post-2009 post type-post status-publish format-standard has-post-thumbnail hentry category-seguridad-financiera tag-mujeres tag-jovenes tag-adultos-mayores formato-infografias\" role=\"listitem\">\n\t\t\t<div class=\"elementor-post__card\">\n\t\t\t\t<a class=\"elementor-post__thumbnail__link\" href=\"https:\/\/nuestrasfinanzasencorto.com\/inicio\/no-caigas-en-fraudes\/\" tabindex=\"-1\" ><div class=\"elementor-post__thumbnail\"><img loading=\"lazy\" decoding=\"async\" width=\"240\" height=\"300\" src=\"https:\/\/nuestrasfinanzasencorto.com\/wp-content\/uploads\/2026\/01\/Evita-fraude-240x300.png\" class=\"attachment-medium size-medium wp-image-3014\" alt=\"\" srcset=\"https:\/\/nuestrasfinanzasencorto.com\/wp-content\/uploads\/2026\/01\/Evita-fraude-240x300.png 240w, https:\/\/nuestrasfinanzasencorto.com\/wp-content\/uploads\/2026\/01\/Evita-fraude-819x1024.png 819w, https:\/\/nuestrasfinanzasencorto.com\/wp-content\/uploads\/2026\/01\/Evita-fraude-768x960.png 768w, https:\/\/nuestrasfinanzasencorto.com\/wp-content\/uploads\/2026\/01\/Evita-fraude-1229x1536.png 1229w, https:\/\/nuestrasfinanzasencorto.com\/wp-content\/uploads\/2026\/01\/Evita-fraude-1638x2048.png 1638w, https:\/\/nuestrasfinanzasencorto.com\/wp-content\/uploads\/2026\/01\/Evita-fraude-400x500.png 400w, https:\/\/nuestrasfinanzasencorto.com\/wp-content\/uploads\/2026\/01\/Evita-fraude-600x750.png 600w, https:\/\/nuestrasfinanzasencorto.com\/wp-content\/uploads\/2026\/01\/Evita-fraude-scaled.png 2048w\" sizes=\"(max-width: 240px) 100vw, 240px\" \/><\/div><\/a>\n\t\t\t\t<div class=\"elementor-post__badge\">Seguridad financiera<\/div>\n\t\t\t\t<div class=\"elementor-post__text\">\n\t\t\t\t<h1 class=\"elementor-post__title\">\n\t\t\t<a href=\"https:\/\/nuestrasfinanzasencorto.com\/inicio\/no-caigas-en-fraudes\/\" >\n\t\t\t\t\u00a1No caigas en fraudes!\t\t\t<\/a>\n\t\t<\/h1>\n\t\t\t\t<\/div>\n\t\t\t\t\t<\/div>\n\t\t<\/article>\n\t\t\t\t<article class=\"elementor-post elementor-grid-item post-2160 post type-post status-publish format-video has-post-thumbnail hentry category-seguridad-financiera tag-mujeres tag-jovenes tag-adultos-mayores post_format-post-format-video formato-video\" role=\"listitem\">\n\t\t\t<div class=\"elementor-post__card\">\n\t\t\t\t<a class=\"elementor-post__thumbnail__link\" href=\"https:\/\/nuestrasfinanzasencorto.com\/inicio\/evita-estos-errores-con-tu-tarjeta-del-bienestar\/\" tabindex=\"-1\" ><div class=\"elementor-post__thumbnail\"><img loading=\"lazy\" decoding=\"async\" width=\"300\" height=\"224\" src=\"https:\/\/nuestrasfinanzasencorto.com\/wp-content\/uploads\/2026\/01\/mujer-pagando-300x224.png\" class=\"attachment-medium size-medium wp-image-2171\" alt=\"\" srcset=\"https:\/\/nuestrasfinanzasencorto.com\/wp-content\/uploads\/2026\/01\/mujer-pagando-300x224.png 300w, https:\/\/nuestrasfinanzasencorto.com\/wp-content\/uploads\/2026\/01\/mujer-pagando-1024x765.png 1024w, https:\/\/nuestrasfinanzasencorto.com\/wp-content\/uploads\/2026\/01\/mujer-pagando-768x573.png 768w, https:\/\/nuestrasfinanzasencorto.com\/wp-content\/uploads\/2026\/01\/mujer-pagando-1536x1147.png 1536w, https:\/\/nuestrasfinanzasencorto.com\/wp-content\/uploads\/2026\/01\/mujer-pagando-2048x1529.png 2048w, https:\/\/nuestrasfinanzasencorto.com\/wp-content\/uploads\/2026\/01\/mujer-pagando-600x448.png 600w\" sizes=\"(max-width: 300px) 100vw, 300px\" \/><\/div><\/a>\n\t\t\t\t<div class=\"elementor-post__badge\">Seguridad financiera<\/div>\n\t\t\t\t<div class=\"elementor-post__text\">\n\t\t\t\t<h1 class=\"elementor-post__title\">\n\t\t\t<a href=\"https:\/\/nuestrasfinanzasencorto.com\/inicio\/evita-estos-errores-con-tu-tarjeta-del-bienestar\/\" >\n\t\t\t\tEvita estos errores con tu tarjeta del Bienestar\t\t\t<\/a>\n\t\t<\/h1>\n\t\t\t\t<\/div>\n\t\t\t\t\t<\/div>\n\t\t<\/article>\n\t\t\t\t<\/div>\n\t\t\n\t\t\t\t<div class=\"e-load-more-anchor\" data-page=\"1\" data-max-page=\"2\" data-next-page=\"https:\/\/nuestrasfinanzasencorto.com\/inicio\/wp-json\/wp\/v2\/pages\/1232\/page\/2\/\"><\/div>\n\t\t\t\t<nav class=\"elementor-pagination\" aria-label=\"Pagination\">\n\t\t\t<span aria-current=\"page\" class=\"page-numbers current\"><span class=\"elementor-screen-only\">Page<\/span>1<\/span>\n<a class=\"page-numbers\" href=\"https:\/\/nuestrasfinanzasencorto.com\/inicio\/wp-json\/wp\/v2\/pages\/1232\/page\/2\/\"><span class=\"elementor-screen-only\">Page<\/span>2<\/a>\t\t<\/nav>\n\t\t\t\t\t\t<\/div>\n\t\t\t\t<\/div>\n\t\t\t\t\t<\/div>\n\t\t\t\t<\/div>\n\t\t\t\t<\/div>\n\t\t","protected":false},"excerpt":{"rendered":"<div class=\"tmnf_excerpt\">Mujeres Este espacio est\u00e1 pensado para acompa\u00f1arte en tus metas, ya sea que quieras ahorrar, emprender o administrar mejor el dinero del hogar. Descubre consejos\n<\/div>","protected":false},"author":2,"featured_media":1233,"parent":97,"menu_order":0,"comment_status":"closed","ping_status":"closed","template":"elementor_header_footer","meta":{"_acf_changed":false,"footnotes":""},"class_list":["post-1232","page","type-page","status-publish","has-post-thumbnail","hentry"],"acf":[],"_hostinger_reach_plugin_has_subscription_block":false,"_hostinger_reach_plugin_is_elementor":false,"_links":{"self":[{"href":"https:\/\/nuestrasfinanzasencorto.com\/inicio\/wp-json\/wp\/v2\/pages\/1232","targetHints":{"allow":["GET"]}}],"collection":[{"href":"https:\/\/nuestrasfinanzasencorto.com\/inicio\/wp-json\/wp\/v2\/pages"}],"about":[{"href":"https:\/\/nuestrasfinanzasencorto.com\/inicio\/wp-json\/wp\/v2\/types\/page"}],"author":[{"embeddable":true,"href":"https:\/\/nuestrasfinanzasencorto.com\/inicio\/wp-json\/wp\/v2\/users\/2"}],"replies":[{"embeddable":true,"href":"https:\/\/nuestrasfinanzasencorto.com\/inicio\/wp-json\/wp\/v2\/comments?post=1232"}],"version-history":[{"count":16,"href":"https:\/\/nuestrasfinanzasencorto.com\/inicio\/wp-json\/wp\/v2\/pages\/1232\/revisions"}],"predecessor-version":[{"id":4514,"href":"https:\/\/nuestrasfinanzasencorto.com\/inicio\/wp-json\/wp\/v2\/pages\/1232\/revisions\/4514"}],"up":[{"embeddable":true,"href":"https:\/\/nuestrasfinanzasencorto.com\/inicio\/wp-json\/wp\/v2\/pages\/97"}],"wp:featuredmedia":[{"embeddable":true,"href":"https:\/\/nuestrasfinanzasencorto.com\/inicio\/wp-json\/wp\/v2\/media\/1233"}],"wp:attachment":[{"href":"https:\/\/nuestrasfinanzasencorto.com\/inicio\/wp-json\/wp\/v2\/media?parent=1232"}],"curies":[{"name":"wp","href":"https:\/\/api.w.org\/{rel}","templated":true}]}}