{"id":1240,"date":"2026-01-06T17:06:17","date_gmt":"2026-01-06T17:06:17","guid":{"rendered":"https:\/\/nuestrasfinanzasencorto.com\/?page_id=1240"},"modified":"2026-02-26T18:21:08","modified_gmt":"2026-02-26T18:21:08","slug":"ninos-2","status":"publish","type":"page","link":"https:\/\/nuestrasfinanzasencorto.com\/inicio\/aprende\/ninos-2\/","title":{"rendered":"Ni\u00f1os"},"content":{"rendered":"\t\t<div data-elementor-type=\"wp-page\" data-elementor-id=\"1240\" class=\"elementor elementor-1240\" data-elementor-post-type=\"page\">\n\t\t\t\t<div class=\"elementor-element elementor-element-56952898 e-flex e-con-boxed e-con e-parent\" data-id=\"56952898\" data-element_type=\"container\" data-e-type=\"container\">\n\t\t\t\t\t<div class=\"e-con-inner\">\n\t\t\t\t<div class=\"elementor-element elementor-element-be392ce elementor-widget elementor-widget-heading\" data-id=\"be392ce\" data-element_type=\"widget\" data-e-type=\"widget\" data-widget_type=\"heading.default\">\n\t\t\t\t\t<h2 class=\"elementor-heading-title elementor-size-default\">Ni\u00f1os<\/h2>\t\t\t\t<\/div>\n\t\t\t\t<div class=\"elementor-element elementor-element-43460d89 elementor-widget elementor-widget-text-editor\" data-id=\"43460d89\" data-element_type=\"widget\" data-e-type=\"widget\" data-widget_type=\"text-editor.default\">\n\t\t\t\t\t\t\t\t\t\n<p>Aqu\u00ed aprender\u00e1s jugando qu\u00e9 es el dinero, c\u00f3mo ahorrar y por qu\u00e9 es importante cuidar tus monedas. Con cuentos, juegos y actividades divertidas, ni\u00f1as y ni\u00f1os pueden empezar a formar buenos h\u00e1bitos desde peque\u00f1os.<\/p>\n\n<p>\u00a0<\/p>\n\t\t\t\t\t\t\t\t<\/div>\n\t\t\t\t<div class=\"elementor-element elementor-element-1e98aac elementor-grid-3 elementor-grid-tablet-2 elementor-grid-mobile-1 elementor-posts--thumbnail-top elementor-posts--show-avatar elementor-card-shadow-yes elementor-posts__hover-gradient elementor-widget elementor-widget-posts\" data-id=\"1e98aac\" data-element_type=\"widget\" data-e-type=\"widget\" data-settings=\"{&quot;cards_columns&quot;:&quot;3&quot;,&quot;cards_columns_tablet&quot;:&quot;2&quot;,&quot;cards_columns_mobile&quot;:&quot;1&quot;,&quot;cards_row_gap&quot;:{&quot;unit&quot;:&quot;px&quot;,&quot;size&quot;:35,&quot;sizes&quot;:[]},&quot;cards_row_gap_tablet&quot;:{&quot;unit&quot;:&quot;px&quot;,&quot;size&quot;:&quot;&quot;,&quot;sizes&quot;:[]},&quot;cards_row_gap_mobile&quot;:{&quot;unit&quot;:&quot;px&quot;,&quot;size&quot;:&quot;&quot;,&quot;sizes&quot;:[]}}\" data-widget_type=\"posts.cards\">\n\t\t\t\t<div class=\"elementor-widget-container\">\n\t\t\t\t\t\t\t<div class=\"elementor-posts-container elementor-posts elementor-posts--skin-cards elementor-grid\" role=\"list\">\n\t\t\t\t<article class=\"elementor-post elementor-grid-item post-1531 post type-post status-publish format-standard has-post-thumbnail hentry category-bienestar-financiero tag-ninos tag-ahorro-e-inversion tag-tips formato-articulo\" role=\"listitem\">\n\t\t\t<div class=\"elementor-post__card\">\n\t\t\t\t<a class=\"elementor-post__thumbnail__link\" href=\"https:\/\/nuestrasfinanzasencorto.com\/inicio\/5-tips-de-ahorro-2\/\" tabindex=\"-1\" ><div class=\"elementor-post__thumbnail\"><img decoding=\"async\" width=\"300\" height=\"152\" src=\"https:\/\/nuestrasfinanzasencorto.com\/wp-content\/uploads\/2026\/01\/ahorro-2-300x152.png\" class=\"attachment-medium size-medium wp-image-1535\" alt=\"\" srcset=\"https:\/\/nuestrasfinanzasencorto.com\/wp-content\/uploads\/2026\/01\/ahorro-2-300x152.png 300w, https:\/\/nuestrasfinanzasencorto.com\/wp-content\/uploads\/2026\/01\/ahorro-2-1024x519.png 1024w, https:\/\/nuestrasfinanzasencorto.com\/wp-content\/uploads\/2026\/01\/ahorro-2-768x389.png 768w, https:\/\/nuestrasfinanzasencorto.com\/wp-content\/uploads\/2026\/01\/ahorro-2-1536x778.png 1536w, https:\/\/nuestrasfinanzasencorto.com\/wp-content\/uploads\/2026\/01\/ahorro-2-600x304.png 600w, https:\/\/nuestrasfinanzasencorto.com\/wp-content\/uploads\/2026\/01\/ahorro-2.png 1794w\" sizes=\"(max-width: 300px) 100vw, 300px\" \/><\/div><\/a>\n\t\t\t\t<div class=\"elementor-post__badge\">Bienestar financiero<\/div>\n\t\t\t\t<div class=\"elementor-post__avatar\">\n\t\t\t<img alt='David Hern\u00e1ndez' src='https:\/\/nuestrasfinanzasencorto.com\/wp-content\/uploads\/2026\/01\/cropped-david-128x128.png' srcset='https:\/\/nuestrasfinanzasencorto.com\/wp-content\/uploads\/2026\/01\/cropped-david-256x256.png 2x' class='avatar avatar-128 photo' height='128' width='128' \/>\t\t<\/div>\n\t\t\t\t<div class=\"elementor-post__text\">\n\t\t\t\t<h1 class=\"elementor-post__title\">\n\t\t\t<a href=\"https:\/\/nuestrasfinanzasencorto.com\/inicio\/5-tips-de-ahorro-2\/\" >\n\t\t\t\t5 Tips para convertirte en un Maestro del Ahorro\t\t\t<\/a>\n\t\t<\/h1>\n\t\t\t\t<\/div>\n\t\t\t\t\t<\/div>\n\t\t<\/article>\n\t\t\t\t<article class=\"elementor-post elementor-grid-item post-2071 post type-post status-publish format-standard has-post-thumbnail hentry category-control-financiero tag-ninos tag-ahorro-e-inversion formato-articulo\" role=\"listitem\">\n\t\t\t<div class=\"elementor-post__card\">\n\t\t\t\t<a class=\"elementor-post__thumbnail__link\" href=\"https:\/\/nuestrasfinanzasencorto.com\/inicio\/hola-futuro-maestro-del-ahorro-%f0%9f%8c%9f\/\" tabindex=\"-1\" ><div class=\"elementor-post__thumbnail\"><img decoding=\"async\" width=\"300\" height=\"164\" src=\"https:\/\/nuestrasfinanzasencorto.com\/wp-content\/uploads\/2026\/01\/Ninos-300x164.png\" class=\"attachment-medium size-medium wp-image-2072\" alt=\"\" srcset=\"https:\/\/nuestrasfinanzasencorto.com\/wp-content\/uploads\/2026\/01\/Ninos-300x164.png 300w, https:\/\/nuestrasfinanzasencorto.com\/wp-content\/uploads\/2026\/01\/Ninos-1024x559.png 1024w, https:\/\/nuestrasfinanzasencorto.com\/wp-content\/uploads\/2026\/01\/Ninos-768x419.png 768w, https:\/\/nuestrasfinanzasencorto.com\/wp-content\/uploads\/2026\/01\/Ninos-1536x838.png 1536w, https:\/\/nuestrasfinanzasencorto.com\/wp-content\/uploads\/2026\/01\/Ninos-2048x1117.png 2048w, https:\/\/nuestrasfinanzasencorto.com\/wp-content\/uploads\/2026\/01\/Ninos-600x327.png 600w\" sizes=\"(max-width: 300px) 100vw, 300px\" \/><\/div><\/a>\n\t\t\t\t<div class=\"elementor-post__badge\">Control financiero<\/div>\n\t\t\t\t<div class=\"elementor-post__avatar\">\n\t\t\t<img alt='David Hern\u00e1ndez' src='https:\/\/nuestrasfinanzasencorto.com\/wp-content\/uploads\/2026\/01\/cropped-david-128x128.png' srcset='https:\/\/nuestrasfinanzasencorto.com\/wp-content\/uploads\/2026\/01\/cropped-david-256x256.png 2x' class='avatar avatar-128 photo' height='128' width='128' \/>\t\t<\/div>\n\t\t\t\t<div class=\"elementor-post__text\">\n\t\t\t\t<h1 class=\"elementor-post__title\">\n\t\t\t<a href=\"https:\/\/nuestrasfinanzasencorto.com\/inicio\/hola-futuro-maestro-del-ahorro-%f0%9f%8c%9f\/\" >\n\t\t\t\t\u00a1Hola, futuro Maestro del Ahorro! \ud83c\udf1f\t\t\t<\/a>\n\t\t<\/h1>\n\t\t\t\t<\/div>\n\t\t\t\t\t<\/div>\n\t\t<\/article>\n\t\t\t\t<\/div>\n\t\t\n\t\t\t\t\t\t<\/div>\n\t\t\t\t<\/div>\n\t\t\t\t\t<\/div>\n\t\t\t\t<\/div>\n\t\t\t\t<\/div>\n\t\t","protected":false},"excerpt":{"rendered":"<div class=\"tmnf_excerpt\">Ni\u00f1os Aqu\u00ed aprender\u00e1s jugando qu\u00e9 es el dinero, c\u00f3mo ahorrar y por qu\u00e9 es importante cuidar tus monedas. Con cuentos, juegos y actividades divertidas, ni\u00f1as\n<\/div>","protected":false},"author":2,"featured_media":1241,"parent":97,"menu_order":0,"comment_status":"closed","ping_status":"closed","template":"elementor_header_footer","meta":{"_acf_changed":false,"footnotes":""},"class_list":["post-1240","page","type-page","status-publish","has-post-thumbnail","hentry"],"acf":[],"_hostinger_reach_plugin_has_subscription_block":false,"_hostinger_reach_plugin_is_elementor":false,"_links":{"self":[{"href":"https:\/\/nuestrasfinanzasencorto.com\/inicio\/wp-json\/wp\/v2\/pages\/1240","targetHints":{"allow":["GET"]}}],"collection":[{"href":"https:\/\/nuestrasfinanzasencorto.com\/inicio\/wp-json\/wp\/v2\/pages"}],"about":[{"href":"https:\/\/nuestrasfinanzasencorto.com\/inicio\/wp-json\/wp\/v2\/types\/page"}],"author":[{"embeddable":true,"href":"https:\/\/nuestrasfinanzasencorto.com\/inicio\/wp-json\/wp\/v2\/users\/2"}],"replies":[{"embeddable":true,"href":"https:\/\/nuestrasfinanzasencorto.com\/inicio\/wp-json\/wp\/v2\/comments?post=1240"}],"version-history":[{"count":19,"href":"https:\/\/nuestrasfinanzasencorto.com\/inicio\/wp-json\/wp\/v2\/pages\/1240\/revisions"}],"predecessor-version":[{"id":4517,"href":"https:\/\/nuestrasfinanzasencorto.com\/inicio\/wp-json\/wp\/v2\/pages\/1240\/revisions\/4517"}],"up":[{"embeddable":true,"href":"https:\/\/nuestrasfinanzasencorto.com\/inicio\/wp-json\/wp\/v2\/pages\/97"}],"wp:featuredmedia":[{"embeddable":true,"href":"https:\/\/nuestrasfinanzasencorto.com\/inicio\/wp-json\/wp\/v2\/media\/1241"}],"wp:attachment":[{"href":"https:\/\/nuestrasfinanzasencorto.com\/inicio\/wp-json\/wp\/v2\/media?parent=1240"}],"curies":[{"name":"wp","href":"https:\/\/api.w.org\/{rel}","templated":true}]}}