{"id":1366,"date":"2026-01-06T23:44:59","date_gmt":"2026-01-06T23:44:59","guid":{"rendered":"https:\/\/nuestrasfinanzasencorto.com\/?page_id=1366"},"modified":"2026-02-26T18:22:09","modified_gmt":"2026-02-26T18:22:09","slug":"adultos-mayores-3","status":"publish","type":"page","link":"https:\/\/nuestrasfinanzasencorto.com\/inicio\/adultos-mayores-3\/","title":{"rendered":"Adultos Mayores"},"content":{"rendered":"\t\t<div data-elementor-type=\"wp-page\" data-elementor-id=\"1366\" class=\"elementor elementor-1366\" data-elementor-post-type=\"page\">\n\t\t\t\t<div class=\"elementor-element elementor-element-0dfd450 e-flex e-con-boxed e-con e-parent\" data-id=\"0dfd450\" data-element_type=\"container\" data-e-type=\"container\">\n\t\t\t\t\t<div class=\"e-con-inner\">\n\t\t\t\t<div class=\"elementor-element elementor-element-31ec482 elementor-widget elementor-widget-heading\" data-id=\"31ec482\" data-element_type=\"widget\" data-e-type=\"widget\" data-widget_type=\"heading.default\">\n\t\t\t\t\t<h2 class=\"elementor-heading-title elementor-size-default\">Adultos mayores<\/h2>\t\t\t\t<\/div>\n\t\t\t\t<div class=\"elementor-element elementor-element-7d40b4f elementor-widget elementor-widget-text-editor\" data-id=\"7d40b4f\" data-element_type=\"widget\" data-e-type=\"widget\" data-widget_type=\"text-editor.default\">\n\t\t\t\t\t\t\t\t\t<p>En esta secci\u00f3n encontrar\u00e1s informaci\u00f3n sencilla para usar tu cuenta, tu tarjeta y planear mejor tus gastos y ahorros. Te invitamos a explorar los contenidos y descubrir ideas pr\u00e1cticas para cuidar tu dinero y el de tu familia.<\/p>\t\t\t\t\t\t\t\t<\/div>\n\t\t\t\t<div class=\"elementor-element elementor-element-bafe6cf elementor-grid-3 elementor-grid-tablet-2 elementor-grid-mobile-1 elementor-posts--thumbnail-top elementor-posts--show-avatar elementor-card-shadow-yes elementor-posts__hover-gradient elementor-widget elementor-widget-posts\" data-id=\"bafe6cf\" data-element_type=\"widget\" data-e-type=\"widget\" data-settings=\"{&quot;pagination_type&quot;:&quot;numbers&quot;,&quot;cards_columns&quot;:&quot;3&quot;,&quot;cards_columns_tablet&quot;:&quot;2&quot;,&quot;cards_columns_mobile&quot;:&quot;1&quot;,&quot;cards_row_gap&quot;:{&quot;unit&quot;:&quot;px&quot;,&quot;size&quot;:35,&quot;sizes&quot;:[]},&quot;cards_row_gap_tablet&quot;:{&quot;unit&quot;:&quot;px&quot;,&quot;size&quot;:&quot;&quot;,&quot;sizes&quot;:[]},&quot;cards_row_gap_mobile&quot;:{&quot;unit&quot;:&quot;px&quot;,&quot;size&quot;:&quot;&quot;,&quot;sizes&quot;:[]}}\" data-widget_type=\"posts.cards\">\n\t\t\t\t<div class=\"elementor-widget-container\">\n\t\t\t\t\t\t\t<div class=\"elementor-posts-container elementor-posts elementor-posts--skin-cards elementor-grid\" role=\"list\">\n\t\t\t\t<article class=\"elementor-post elementor-grid-item post-2916 post type-post status-publish format-standard has-post-thumbnail hentry category-seguridad-financiera tag-adultos-mayores tag-productos-y-servicios formato-articulo\" role=\"listitem\">\n\t\t\t<div class=\"elementor-post__card\">\n\t\t\t\t<a class=\"elementor-post__thumbnail__link\" href=\"https:\/\/nuestrasfinanzasencorto.com\/inicio\/banca-digital-como-usarla-con-confianza-y-evitar-fraudes-en-linea\/\" tabindex=\"-1\" ><div class=\"elementor-post__thumbnail\"><img fetchpriority=\"high\" decoding=\"async\" width=\"300\" height=\"200\" src=\"https:\/\/nuestrasfinanzasencorto.com\/wp-content\/uploads\/2026\/02\/bacan-am-300x200.jpeg\" class=\"attachment-medium size-medium wp-image-2930\" alt=\"\" srcset=\"https:\/\/nuestrasfinanzasencorto.com\/wp-content\/uploads\/2026\/02\/bacan-am-300x200.jpeg 300w, https:\/\/nuestrasfinanzasencorto.com\/wp-content\/uploads\/2026\/02\/bacan-am-1024x683.jpeg 1024w, https:\/\/nuestrasfinanzasencorto.com\/wp-content\/uploads\/2026\/02\/bacan-am-768x512.jpeg 768w, https:\/\/nuestrasfinanzasencorto.com\/wp-content\/uploads\/2026\/02\/bacan-am-600x400.jpeg 600w, https:\/\/nuestrasfinanzasencorto.com\/wp-content\/uploads\/2026\/02\/bacan-am.jpeg 1300w\" sizes=\"(max-width: 300px) 100vw, 300px\" \/><\/div><\/a>\n\t\t\t\t<div class=\"elementor-post__badge\">Seguridad financiera<\/div>\n\t\t\t\t<div class=\"elementor-post__avatar\">\n\t\t\t<img alt='Daniela V\u00e1zquez Badilo' src='https:\/\/nuestrasfinanzasencorto.com\/wp-content\/uploads\/2026\/01\/cropped-dani-128x128.png' srcset='https:\/\/nuestrasfinanzasencorto.com\/wp-content\/uploads\/2026\/01\/cropped-dani-256x256.png 2x' class='avatar avatar-128 photo' height='128' width='128' \/>\t\t<\/div>\n\t\t\t\t<div class=\"elementor-post__text\">\n\t\t\t\t<h1 class=\"elementor-post__title\">\n\t\t\t<a href=\"https:\/\/nuestrasfinanzasencorto.com\/inicio\/banca-digital-como-usarla-con-confianza-y-evitar-fraudes-en-linea\/\" >\n\t\t\t\tBanca digital: c\u00f3mo usarla con confianza y evitar fraudes en l\u00ednea\t\t\t<\/a>\n\t\t<\/h1>\n\t\t\t\t<\/div>\n\t\t\t\t<div class=\"elementor-post__meta-data\">\n\t\t\t\t\t<span class=\"elementor-post-date\">\n\t\t\tfebrero 4, 2026\t\t<\/span>\n\t\t\t\t<\/div>\n\t\t\t\t\t<\/div>\n\t\t<\/article>\n\t\t\t\t<article class=\"elementor-post elementor-grid-item post-2077 post type-post status-publish format-standard has-post-thumbnail hentry category-control-financiero tag-adultos-mayores formato-articulo\" role=\"listitem\">\n\t\t\t<div class=\"elementor-post__card\">\n\t\t\t\t<a class=\"elementor-post__thumbnail__link\" href=\"https:\/\/nuestrasfinanzasencorto.com\/inicio\/mas-que-abuelos-los-verdaderos-maestros-de-la-economia-de-la-vida\/\" tabindex=\"-1\" ><div class=\"elementor-post__thumbnail\"><img decoding=\"async\" width=\"300\" height=\"164\" src=\"https:\/\/nuestrasfinanzasencorto.com\/wp-content\/uploads\/2026\/01\/consulta-mentor-300x164.png\" class=\"attachment-medium size-medium wp-image-2079\" alt=\"\" srcset=\"https:\/\/nuestrasfinanzasencorto.com\/wp-content\/uploads\/2026\/01\/consulta-mentor-300x164.png 300w, https:\/\/nuestrasfinanzasencorto.com\/wp-content\/uploads\/2026\/01\/consulta-mentor-1024x559.png 1024w, https:\/\/nuestrasfinanzasencorto.com\/wp-content\/uploads\/2026\/01\/consulta-mentor-768x419.png 768w, https:\/\/nuestrasfinanzasencorto.com\/wp-content\/uploads\/2026\/01\/consulta-mentor-1536x838.png 1536w, https:\/\/nuestrasfinanzasencorto.com\/wp-content\/uploads\/2026\/01\/consulta-mentor-2048x1117.png 2048w, https:\/\/nuestrasfinanzasencorto.com\/wp-content\/uploads\/2026\/01\/consulta-mentor-600x327.png 600w\" sizes=\"(max-width: 300px) 100vw, 300px\" \/><\/div><\/a>\n\t\t\t\t<div class=\"elementor-post__badge\">Control financiero<\/div>\n\t\t\t\t<div class=\"elementor-post__avatar\">\n\t\t\t<img alt='David Hern\u00e1ndez' src='https:\/\/nuestrasfinanzasencorto.com\/wp-content\/uploads\/2026\/01\/cropped-david-128x128.png' srcset='https:\/\/nuestrasfinanzasencorto.com\/wp-content\/uploads\/2026\/01\/cropped-david-256x256.png 2x' class='avatar avatar-128 photo' height='128' width='128' \/>\t\t<\/div>\n\t\t\t\t<div class=\"elementor-post__text\">\n\t\t\t\t<h1 class=\"elementor-post__title\">\n\t\t\t<a href=\"https:\/\/nuestrasfinanzasencorto.com\/inicio\/mas-que-abuelos-los-verdaderos-maestros-de-la-economia-de-la-vida\/\" >\n\t\t\t\tM\u00e1s que abuelos: los verdaderos maestros de la econom\u00eda de la vida\t\t\t<\/a>\n\t\t<\/h1>\n\t\t\t\t<\/div>\n\t\t\t\t<div class=\"elementor-post__meta-data\">\n\t\t\t\t\t<span class=\"elementor-post-date\">\n\t\t\tenero 23, 2026\t\t<\/span>\n\t\t\t\t<\/div>\n\t\t\t\t\t<\/div>\n\t\t<\/article>\n\t\t\t\t<article class=\"elementor-post elementor-grid-item post-2074 post type-post status-publish format-standard has-post-thumbnail hentry category-libertad-financiera tag-adultos-mayores tag-ahorro-e-inversion formato-articulo\" role=\"listitem\">\n\t\t\t<div class=\"elementor-post__card\">\n\t\t\t\t<a class=\"elementor-post__thumbnail__link\" href=\"https:\/\/nuestrasfinanzasencorto.com\/inicio\/tranquilidad-y-bienestar-guia-de-finanzas-para-la-plenitud\/\" tabindex=\"-1\" ><div class=\"elementor-post__thumbnail\"><img decoding=\"async\" width=\"300\" height=\"164\" src=\"https:\/\/nuestrasfinanzasencorto.com\/wp-content\/uploads\/2026\/01\/adultos-mayores-en-plenitud-300x164.png\" class=\"attachment-medium size-medium wp-image-2075\" alt=\"\" srcset=\"https:\/\/nuestrasfinanzasencorto.com\/wp-content\/uploads\/2026\/01\/adultos-mayores-en-plenitud-300x164.png 300w, https:\/\/nuestrasfinanzasencorto.com\/wp-content\/uploads\/2026\/01\/adultos-mayores-en-plenitud-1024x559.png 1024w, https:\/\/nuestrasfinanzasencorto.com\/wp-content\/uploads\/2026\/01\/adultos-mayores-en-plenitud-768x419.png 768w, https:\/\/nuestrasfinanzasencorto.com\/wp-content\/uploads\/2026\/01\/adultos-mayores-en-plenitud-1536x838.png 1536w, https:\/\/nuestrasfinanzasencorto.com\/wp-content\/uploads\/2026\/01\/adultos-mayores-en-plenitud-2048x1117.png 2048w, https:\/\/nuestrasfinanzasencorto.com\/wp-content\/uploads\/2026\/01\/adultos-mayores-en-plenitud-600x327.png 600w\" sizes=\"(max-width: 300px) 100vw, 300px\" \/><\/div><\/a>\n\t\t\t\t<div class=\"elementor-post__badge\">Libertad financiera<\/div>\n\t\t\t\t<div class=\"elementor-post__avatar\">\n\t\t\t<img alt='David Hern\u00e1ndez' src='https:\/\/nuestrasfinanzasencorto.com\/wp-content\/uploads\/2026\/01\/cropped-david-128x128.png' srcset='https:\/\/nuestrasfinanzasencorto.com\/wp-content\/uploads\/2026\/01\/cropped-david-256x256.png 2x' class='avatar avatar-128 photo' height='128' width='128' \/>\t\t<\/div>\n\t\t\t\t<div class=\"elementor-post__text\">\n\t\t\t\t<h1 class=\"elementor-post__title\">\n\t\t\t<a href=\"https:\/\/nuestrasfinanzasencorto.com\/inicio\/tranquilidad-y-bienestar-guia-de-finanzas-para-la-plenitud\/\" >\n\t\t\t\tTranquilidad y Bienestar: gu\u00eda de finanzas para la plenitud\t\t\t<\/a>\n\t\t<\/h1>\n\t\t\t\t<\/div>\n\t\t\t\t<div class=\"elementor-post__meta-data\">\n\t\t\t\t\t<span class=\"elementor-post-date\">\n\t\t\tenero 21, 2026\t\t<\/span>\n\t\t\t\t<\/div>\n\t\t\t\t\t<\/div>\n\t\t<\/article>\n\t\t\t\t<article class=\"elementor-post elementor-grid-item post-2910 post type-post status-publish format-standard has-post-thumbnail hentry category-control-financiero tag-adultos-mayores tag-productos-y-servicios formato-infografias\" role=\"listitem\">\n\t\t\t<div class=\"elementor-post__card\">\n\t\t\t\t<a class=\"elementor-post__thumbnail__link\" href=\"https:\/\/nuestrasfinanzasencorto.com\/inicio\/beneficios-de-la-banca-digital\/\" tabindex=\"-1\" ><div class=\"elementor-post__thumbnail\"><img loading=\"lazy\" decoding=\"async\" width=\"240\" height=\"300\" src=\"https:\/\/nuestrasfinanzasencorto.com\/wp-content\/uploads\/2026\/02\/Banca-digital-1-1-240x300.png\" class=\"attachment-medium size-medium wp-image-3017\" alt=\"\" srcset=\"https:\/\/nuestrasfinanzasencorto.com\/wp-content\/uploads\/2026\/02\/Banca-digital-1-1-240x300.png 240w, https:\/\/nuestrasfinanzasencorto.com\/wp-content\/uploads\/2026\/02\/Banca-digital-1-1-819x1024.png 819w, https:\/\/nuestrasfinanzasencorto.com\/wp-content\/uploads\/2026\/02\/Banca-digital-1-1-768x960.png 768w, https:\/\/nuestrasfinanzasencorto.com\/wp-content\/uploads\/2026\/02\/Banca-digital-1-1-1229x1536.png 1229w, https:\/\/nuestrasfinanzasencorto.com\/wp-content\/uploads\/2026\/02\/Banca-digital-1-1-1638x2048.png 1638w, https:\/\/nuestrasfinanzasencorto.com\/wp-content\/uploads\/2026\/02\/Banca-digital-1-1-400x500.png 400w, https:\/\/nuestrasfinanzasencorto.com\/wp-content\/uploads\/2026\/02\/Banca-digital-1-1-600x750.png 600w, https:\/\/nuestrasfinanzasencorto.com\/wp-content\/uploads\/2026\/02\/Banca-digital-1-1-scaled.png 2048w\" sizes=\"(max-width: 240px) 100vw, 240px\" \/><\/div><\/a>\n\t\t\t\t<div class=\"elementor-post__badge\">Control financiero<\/div>\n\t\t\t\t<div class=\"elementor-post__avatar\">\n\t\t\t<img alt='Daniela V\u00e1zquez Badilo' src='https:\/\/nuestrasfinanzasencorto.com\/wp-content\/uploads\/2026\/01\/cropped-dani-128x128.png' srcset='https:\/\/nuestrasfinanzasencorto.com\/wp-content\/uploads\/2026\/01\/cropped-dani-256x256.png 2x' class='avatar avatar-128 photo' height='128' width='128' \/>\t\t<\/div>\n\t\t\t\t<div class=\"elementor-post__text\">\n\t\t\t\t<h1 class=\"elementor-post__title\">\n\t\t\t<a href=\"https:\/\/nuestrasfinanzasencorto.com\/inicio\/beneficios-de-la-banca-digital\/\" >\n\t\t\t\tBeneficios de la banca digital\t\t\t<\/a>\n\t\t<\/h1>\n\t\t\t\t<\/div>\n\t\t\t\t<div class=\"elementor-post__meta-data\">\n\t\t\t\t\t<span class=\"elementor-post-date\">\n\t\t\tenero 20, 2026\t\t<\/span>\n\t\t\t\t<\/div>\n\t\t\t\t\t<\/div>\n\t\t<\/article>\n\t\t\t\t<article class=\"elementor-post elementor-grid-item post-1210 post type-post status-publish format-standard has-post-thumbnail hentry category-bienestar-financiero tag-mujeres tag-jovenes tag-adultos-mayores tag-inclusion-financiera formato-articulo\" role=\"listitem\">\n\t\t\t<div class=\"elementor-post__card\">\n\t\t\t\t<a class=\"elementor-post__thumbnail__link\" href=\"https:\/\/nuestrasfinanzasencorto.com\/inicio\/el-banco-del-bienestar-esta-en-todas-partes\/\" tabindex=\"-1\" ><div class=\"elementor-post__thumbnail\"><img loading=\"lazy\" decoding=\"async\" width=\"300\" height=\"200\" src=\"https:\/\/nuestrasfinanzasencorto.com\/wp-content\/uploads\/2026\/01\/MG_0135-300x200.jpg\" class=\"attachment-medium size-medium wp-image-3938\" alt=\"\" srcset=\"https:\/\/nuestrasfinanzasencorto.com\/wp-content\/uploads\/2026\/01\/MG_0135-300x200.jpg 300w, https:\/\/nuestrasfinanzasencorto.com\/wp-content\/uploads\/2026\/01\/MG_0135-1024x683.jpg 1024w, https:\/\/nuestrasfinanzasencorto.com\/wp-content\/uploads\/2026\/01\/MG_0135-768x512.jpg 768w, https:\/\/nuestrasfinanzasencorto.com\/wp-content\/uploads\/2026\/01\/MG_0135-1536x1024.jpg 1536w, https:\/\/nuestrasfinanzasencorto.com\/wp-content\/uploads\/2026\/01\/MG_0135-2048x1365.jpg 2048w, https:\/\/nuestrasfinanzasencorto.com\/wp-content\/uploads\/2026\/01\/MG_0135-600x400.jpg 600w\" sizes=\"(max-width: 300px) 100vw, 300px\" \/><\/div><\/a>\n\t\t\t\t<div class=\"elementor-post__badge\">Bienestar financiero<\/div>\n\t\t\t\t<div class=\"elementor-post__avatar\">\n\t\t\t<img alt='Ignacio Rafael Camacho Mier y Ter\u00e1n' src='https:\/\/nuestrasfinanzasencorto.com\/wp-content\/uploads\/2026\/01\/cropped-ignacio-128x128.png' srcset='https:\/\/nuestrasfinanzasencorto.com\/wp-content\/uploads\/2026\/01\/cropped-ignacio-256x256.png 2x' class='avatar avatar-128 photo' height='128' width='128' \/>\t\t<\/div>\n\t\t\t\t<div class=\"elementor-post__text\">\n\t\t\t\t<h1 class=\"elementor-post__title\">\n\t\t\t<a href=\"https:\/\/nuestrasfinanzasencorto.com\/inicio\/el-banco-del-bienestar-esta-en-todas-partes\/\" >\n\t\t\t\tEl Banco del Bienestar\u00a0est\u00e1 en todas partes\u00a0\t\t\t<\/a>\n\t\t<\/h1>\n\t\t\t\t<\/div>\n\t\t\t\t<div class=\"elementor-post__meta-data\">\n\t\t\t\t\t<span class=\"elementor-post-date\">\n\t\t\tenero 16, 2026\t\t<\/span>\n\t\t\t\t<\/div>\n\t\t\t\t\t<\/div>\n\t\t<\/article>\n\t\t\t\t<article class=\"elementor-post elementor-grid-item post-2271 post type-post status-publish format-standard has-post-thumbnail hentry category-bienestar-financiero tag-jovenes tag-adultos-mayores tag-credito-responsable formato-articulo\" role=\"listitem\">\n\t\t\t<div class=\"elementor-post__card\">\n\t\t\t\t<a class=\"elementor-post__thumbnail__link\" href=\"https:\/\/nuestrasfinanzasencorto.com\/inicio\/guia-practica-como-pedir-un-prestamo-en-2025\/\" tabindex=\"-1\" ><div class=\"elementor-post__thumbnail\"><img loading=\"lazy\" decoding=\"async\" width=\"300\" height=\"300\" src=\"https:\/\/nuestrasfinanzasencorto.com\/wp-content\/uploads\/2026\/01\/credito-300x300.png\" class=\"attachment-medium size-medium wp-image-2272\" alt=\"\" srcset=\"https:\/\/nuestrasfinanzasencorto.com\/wp-content\/uploads\/2026\/01\/credito-300x300.png 300w, https:\/\/nuestrasfinanzasencorto.com\/wp-content\/uploads\/2026\/01\/credito-150x150.png 150w, https:\/\/nuestrasfinanzasencorto.com\/wp-content\/uploads\/2026\/01\/credito-768x768.png 768w, https:\/\/nuestrasfinanzasencorto.com\/wp-content\/uploads\/2026\/01\/credito-100x100.png 100w, https:\/\/nuestrasfinanzasencorto.com\/wp-content\/uploads\/2026\/01\/credito-600x600.png 600w, https:\/\/nuestrasfinanzasencorto.com\/wp-content\/uploads\/2026\/01\/credito-250x250.png 250w, https:\/\/nuestrasfinanzasencorto.com\/wp-content\/uploads\/2026\/01\/credito.png 1024w\" sizes=\"(max-width: 300px) 100vw, 300px\" \/><\/div><\/a>\n\t\t\t\t<div class=\"elementor-post__badge\">Bienestar financiero<\/div>\n\t\t\t\t<div class=\"elementor-post__avatar\">\n\t\t\t<img alt='David Hern\u00e1ndez' src='https:\/\/nuestrasfinanzasencorto.com\/wp-content\/uploads\/2026\/01\/cropped-david-128x128.png' srcset='https:\/\/nuestrasfinanzasencorto.com\/wp-content\/uploads\/2026\/01\/cropped-david-256x256.png 2x' class='avatar avatar-128 photo' height='128' width='128' \/>\t\t<\/div>\n\t\t\t\t<div class=\"elementor-post__text\">\n\t\t\t\t<h1 class=\"elementor-post__title\">\n\t\t\t<a href=\"https:\/\/nuestrasfinanzasencorto.com\/inicio\/guia-practica-como-pedir-un-prestamo-en-2025\/\" >\n\t\t\t\tGu\u00eda pr\u00e1ctica: \u00bfc\u00f3mo pedir un pr\u00e9stamo en 2026?\t\t\t<\/a>\n\t\t<\/h1>\n\t\t\t\t<\/div>\n\t\t\t\t<div class=\"elementor-post__meta-data\">\n\t\t\t\t\t<span class=\"elementor-post-date\">\n\t\t\tenero 15, 2026\t\t<\/span>\n\t\t\t\t<\/div>\n\t\t\t\t\t<\/div>\n\t\t<\/article>\n\t\t\t\t<\/div>\n\t\t\n\t\t\t\t<div class=\"e-load-more-anchor\" data-page=\"1\" data-max-page=\"2\" data-next-page=\"https:\/\/nuestrasfinanzasencorto.com\/inicio\/wp-json\/wp\/v2\/pages\/1366\/page\/2\/\"><\/div>\n\t\t\t\t<nav class=\"elementor-pagination\" aria-label=\"Pagination\">\n\t\t\t<span aria-current=\"page\" class=\"page-numbers current\"><span class=\"elementor-screen-only\">Page<\/span>1<\/span>\n<a class=\"page-numbers\" href=\"https:\/\/nuestrasfinanzasencorto.com\/inicio\/wp-json\/wp\/v2\/pages\/1366\/page\/2\/\"><span class=\"elementor-screen-only\">Page<\/span>2<\/a>\t\t<\/nav>\n\t\t\t\t\t\t<\/div>\n\t\t\t\t<\/div>\n\t\t\t\t\t<\/div>\n\t\t\t\t<\/div>\n\t\t\t\t<\/div>\n\t\t","protected":false},"excerpt":{"rendered":"<div class=\"tmnf_excerpt\">Adultos mayores En esta secci\u00f3n encontrar\u00e1s informaci\u00f3n sencilla para usar tu cuenta, tu tarjeta y planear mejor tus gastos y ahorros. Te invitamos a explorar\n<\/div>","protected":false},"author":2,"featured_media":1244,"parent":0,"menu_order":0,"comment_status":"closed","ping_status":"closed","template":"elementor_header_footer","meta":{"_acf_changed":false,"footnotes":""},"class_list":["post-1366","page","type-page","status-publish","has-post-thumbnail","hentry"],"acf":[],"_hostinger_reach_plugin_has_subscription_block":false,"_hostinger_reach_plugin_is_elementor":false,"_links":{"self":[{"href":"https:\/\/nuestrasfinanzasencorto.com\/inicio\/wp-json\/wp\/v2\/pages\/1366","targetHints":{"allow":["GET"]}}],"collection":[{"href":"https:\/\/nuestrasfinanzasencorto.com\/inicio\/wp-json\/wp\/v2\/pages"}],"about":[{"href":"https:\/\/nuestrasfinanzasencorto.com\/inicio\/wp-json\/wp\/v2\/types\/page"}],"author":[{"embeddable":true,"href":"https:\/\/nuestrasfinanzasencorto.com\/inicio\/wp-json\/wp\/v2\/users\/2"}],"replies":[{"embeddable":true,"href":"https:\/\/nuestrasfinanzasencorto.com\/inicio\/wp-json\/wp\/v2\/comments?post=1366"}],"version-history":[{"count":16,"href":"https:\/\/nuestrasfinanzasencorto.com\/inicio\/wp-json\/wp\/v2\/pages\/1366\/revisions"}],"predecessor-version":[{"id":4520,"href":"https:\/\/nuestrasfinanzasencorto.com\/inicio\/wp-json\/wp\/v2\/pages\/1366\/revisions\/4520"}],"wp:featuredmedia":[{"embeddable":true,"href":"https:\/\/nuestrasfinanzasencorto.com\/inicio\/wp-json\/wp\/v2\/media\/1244"}],"wp:attachment":[{"href":"https:\/\/nuestrasfinanzasencorto.com\/inicio\/wp-json\/wp\/v2\/media?parent=1366"}],"curies":[{"name":"wp","href":"https:\/\/api.w.org\/{rel}","templated":true}]}}