{"id":3043,"date":"2026-02-10T20:10:02","date_gmt":"2026-02-10T20:10:02","guid":{"rendered":"https:\/\/nuestrasfinanzasencorto.com\/?page_id=3043"},"modified":"2026-03-09T15:52:57","modified_gmt":"2026-03-09T15:52:57","slug":"cursos","status":"publish","type":"page","link":"https:\/\/nuestrasfinanzasencorto.com\/inicio\/cursos\/","title":{"rendered":"Cursos"},"content":{"rendered":"\t\t<div data-elementor-type=\"wp-page\" data-elementor-id=\"3043\" class=\"elementor elementor-3043\" data-elementor-post-type=\"page\">\n\t\t\t\t<div class=\"elementor-element elementor-element-d1d2496 e-flex e-con-boxed e-con e-parent\" data-id=\"d1d2496\" data-element_type=\"container\" data-e-type=\"container\" data-settings=\"{&quot;background_background&quot;:&quot;slideshow&quot;,&quot;background_slideshow_gallery&quot;:[{&quot;id&quot;:3713,&quot;url&quot;:&quot;https:\\\/\\\/nuestrasfinanzasencorto.com\\\/wp-content\\\/uploads\\\/2026\\\/02\\\/Banner-verde-scaled.png&quot;}],&quot;shape_divider_bottom&quot;:&quot;curve&quot;,&quot;shape_divider_bottom_negative&quot;:&quot;yes&quot;,&quot;background_slideshow_loop&quot;:&quot;yes&quot;,&quot;background_slideshow_slide_duration&quot;:5000,&quot;background_slideshow_slide_transition&quot;:&quot;fade&quot;,&quot;background_slideshow_transition_duration&quot;:500}\">\n\t\t\t\t\t<div class=\"e-con-inner\">\n\t\t\t\t<div class=\"elementor-shape elementor-shape-bottom\" aria-hidden=\"true\" data-negative=\"true\">\n\t\t\t<svg xmlns=\"http:\/\/www.w3.org\/2000\/svg\" viewBox=\"0 0 1000 100\" preserveAspectRatio=\"none\">\n\t<path class=\"elementor-shape-fill\" d=\"M500,97C126.7,96.3,0.8,19.8,0,0v100l1000,0V1C1000,19.4,873.3,97.8,500,97z\"\/>\n<\/svg>\t\t<\/div>\n\t\t\t\t<div class=\"elementor-element elementor-element-c9458c3 elementor-widget elementor-widget-spacer\" data-id=\"c9458c3\" data-element_type=\"widget\" data-e-type=\"widget\" data-widget_type=\"spacer.default\">\n\t\t\t\t\t\t\t<div class=\"elementor-spacer\">\n\t\t\t<div class=\"elementor-spacer-inner\"><\/div>\n\t\t<\/div>\n\t\t\t\t\t\t<\/div>\n\t\t\t\t<div class=\"elementor-element elementor-element-f6b041c elementor-widget elementor-widget-heading\" data-id=\"f6b041c\" data-element_type=\"widget\" data-e-type=\"widget\" data-widget_type=\"heading.default\">\n\t\t\t\t\t<h2 class=\"elementor-heading-title elementor-size-default\">Explora nuestros cursos<\/h2>\t\t\t\t<\/div>\n\t\t\t\t<div class=\"elementor-element elementor-element-3970b9c elementor-widget elementor-widget-text-editor\" data-id=\"3970b9c\" data-element_type=\"widget\" data-e-type=\"widget\" data-widget_type=\"text-editor.default\">\n\t\t\t\t\t\t\t\t\t<p>Aprende a tu propio ritmo.<\/p>\t\t\t\t\t\t\t\t<\/div>\n\t\t\t\t<div class=\"elementor-element elementor-element-af97e84 elementor-widget elementor-widget-spacer\" data-id=\"af97e84\" data-element_type=\"widget\" data-e-type=\"widget\" data-widget_type=\"spacer.default\">\n\t\t\t\t\t\t\t<div class=\"elementor-spacer\">\n\t\t\t<div class=\"elementor-spacer-inner\"><\/div>\n\t\t<\/div>\n\t\t\t\t\t\t<\/div>\n\t\t\t\t<div class=\"elementor-element elementor-element-9c0976e elementor-widget elementor-widget-spacer\" data-id=\"9c0976e\" data-element_type=\"widget\" data-e-type=\"widget\" data-widget_type=\"spacer.default\">\n\t\t\t\t\t\t\t<div class=\"elementor-spacer\">\n\t\t\t<div class=\"elementor-spacer-inner\"><\/div>\n\t\t<\/div>\n\t\t\t\t\t\t<\/div>\n\t\t\t\t\t<\/div>\n\t\t\t\t<\/div>\n\t\t<div class=\"elementor-element elementor-element-d95fc2c e-flex e-con-boxed e-con e-parent\" data-id=\"d95fc2c\" data-element_type=\"container\" data-e-type=\"container\">\n\t\t\t\t\t<div class=\"e-con-inner\">\n\t\t<div class=\"elementor-element elementor-element-b226bc4 e-con-full e-flex e-con e-child\" data-id=\"b226bc4\" data-element_type=\"container\" data-e-type=\"container\">\n\t\t<div class=\"elementor-element elementor-element-63374ee e-con-full e-flex e-con e-child\" data-id=\"63374ee\" data-element_type=\"container\" data-e-type=\"container\" data-settings=\"{&quot;background_background&quot;:&quot;classic&quot;}\">\n\t\t<div class=\"elementor-element elementor-element-f688fd8 e-con-full e-flex e-con e-child\" data-id=\"f688fd8\" data-element_type=\"container\" data-e-type=\"container\">\n\t\t\t\t<div class=\"elementor-element elementor-element-1f20aa7 elementor-widget elementor-widget-heading\" data-id=\"1f20aa7\" data-element_type=\"widget\" data-e-type=\"widget\" data-widget_type=\"heading.default\">\n\t\t\t\t\t<h2 class=\"elementor-heading-title elementor-size-default\">El ABC de las finanzas<\/h2>\t\t\t\t<\/div>\n\t\t\t\t<div class=\"elementor-element elementor-element-dec652b elementor-widget elementor-widget-text-editor\" data-id=\"dec652b\" data-element_type=\"widget\" data-e-type=\"widget\" data-widget_type=\"text-editor.default\">\n\t\t\t\t\t\t\t\t\t<p>Aprende los conceptos b\u00e1sicos sobre finanzas personales.<\/p>\t\t\t\t\t\t\t\t<\/div>\n\t\t\t\t<\/div>\n\t\t<div class=\"elementor-element elementor-element-873eed5 e-con-full e-flex e-con e-child\" data-id=\"873eed5\" data-element_type=\"container\" data-e-type=\"container\">\n\t\t<a class=\"elementor-element elementor-element-3b0d940 e-con-full e-flex e-con e-child\" data-id=\"3b0d940\" data-element_type=\"container\" data-e-type=\"container\" data-settings=\"{&quot;background_background&quot;:&quot;classic&quot;}\" href=\"https:\/\/nuestrasfinanzasencorto.com\/cursos-basicos\/finanzas-para-no-financieros\/\">\n\t\t\t\t<div class=\"elementor-element elementor-element-10c4128 elementor-widget elementor-widget-image\" data-id=\"10c4128\" data-element_type=\"widget\" data-e-type=\"widget\" data-widget_type=\"image.default\">\n\t\t\t\t\t\t\t\t\t\t\t\t\t\t\t<img fetchpriority=\"high\" decoding=\"async\" width=\"350\" height=\"175\" src=\"https:\/\/nuestrasfinanzasencorto.com\/wp-content\/uploads\/2026\/01\/Dinero.png\" class=\"attachment-large size-large wp-image-1672\" alt=\"\" srcset=\"https:\/\/nuestrasfinanzasencorto.com\/wp-content\/uploads\/2026\/01\/Dinero.png 350w, https:\/\/nuestrasfinanzasencorto.com\/wp-content\/uploads\/2026\/01\/Dinero-300x150.png 300w\" sizes=\"(max-width: 350px) 100vw, 350px\" \/>\t\t\t\t\t\t\t\t\t\t\t\t\t\t\t<\/div>\n\t\t\t\t<div class=\"elementor-element elementor-element-d483e38 elementor-widget elementor-widget-heading\" data-id=\"d483e38\" data-element_type=\"widget\" data-e-type=\"widget\" data-widget_type=\"heading.default\">\n\t\t\t\t\t<h2 class=\"elementor-heading-title elementor-size-default\">El dinero <\/h2>\t\t\t\t<\/div>\n\t\t\t\t<\/a>\n\t\t<a class=\"elementor-element elementor-element-856af7a e-con-full e-flex e-con e-child\" data-id=\"856af7a\" data-element_type=\"container\" data-e-type=\"container\" data-settings=\"{&quot;background_background&quot;:&quot;classic&quot;}\" href=\"https:\/\/nuestrasfinanzasencorto.com\/cursos-basicos\/presupuesto\/\">\n\t\t\t\t<div class=\"elementor-element elementor-element-f52dfbf elementor-widget elementor-widget-image\" data-id=\"f52dfbf\" data-element_type=\"widget\" data-e-type=\"widget\" data-widget_type=\"image.default\">\n\t\t\t\t\t\t\t\t\t\t\t\t\t\t\t<img decoding=\"async\" width=\"350\" height=\"175\" src=\"https:\/\/nuestrasfinanzasencorto.com\/wp-content\/uploads\/2026\/01\/presupuesto.png\" class=\"attachment-large size-large wp-image-1671\" alt=\"\" srcset=\"https:\/\/nuestrasfinanzasencorto.com\/wp-content\/uploads\/2026\/01\/presupuesto.png 350w, https:\/\/nuestrasfinanzasencorto.com\/wp-content\/uploads\/2026\/01\/presupuesto-300x150.png 300w\" sizes=\"(max-width: 350px) 100vw, 350px\" \/>\t\t\t\t\t\t\t\t\t\t\t\t\t\t\t<\/div>\n\t\t\t\t<div class=\"elementor-element elementor-element-41f5d20 elementor-widget elementor-widget-heading\" data-id=\"41f5d20\" data-element_type=\"widget\" data-e-type=\"widget\" data-widget_type=\"heading.default\">\n\t\t\t\t\t<h2 class=\"elementor-heading-title elementor-size-default\">Presupuesto<\/h2>\t\t\t\t<\/div>\n\t\t\t\t<\/a>\n\t\t<a class=\"elementor-element elementor-element-5634662 e-con-full e-flex e-con e-child\" data-id=\"5634662\" data-element_type=\"container\" data-e-type=\"container\" data-settings=\"{&quot;background_background&quot;:&quot;classic&quot;}\" href=\"https:\/\/nuestrasfinanzasencorto.com\/cursos-basicos\/el-dinero\/\">\n\t\t\t\t<div class=\"elementor-element elementor-element-214bc77 elementor-widget elementor-widget-image\" data-id=\"214bc77\" data-element_type=\"widget\" data-e-type=\"widget\" data-widget_type=\"image.default\">\n\t\t\t\t\t\t\t\t\t\t\t\t\t\t\t<img decoding=\"async\" width=\"350\" height=\"175\" src=\"https:\/\/nuestrasfinanzasencorto.com\/wp-content\/uploads\/2026\/01\/curso.png\" class=\"attachment-large size-large wp-image-1670\" alt=\"\" srcset=\"https:\/\/nuestrasfinanzasencorto.com\/wp-content\/uploads\/2026\/01\/curso.png 350w, https:\/\/nuestrasfinanzasencorto.com\/wp-content\/uploads\/2026\/01\/curso-300x150.png 300w\" sizes=\"(max-width: 350px) 100vw, 350px\" \/>\t\t\t\t\t\t\t\t\t\t\t\t\t\t\t<\/div>\n\t\t\t\t<div class=\"elementor-element elementor-element-b5136be elementor-widget elementor-widget-heading\" data-id=\"b5136be\" data-element_type=\"widget\" data-e-type=\"widget\" data-widget_type=\"heading.default\">\n\t\t\t\t\t<h2 class=\"elementor-heading-title elementor-size-default\">Ahorro<\/h2>\t\t\t\t<\/div>\n\t\t\t\t<\/a>\n\t\t<a class=\"elementor-element elementor-element-52d5dc0 e-con-full e-flex e-con e-child\" data-id=\"52d5dc0\" data-element_type=\"container\" data-e-type=\"container\" data-settings=\"{&quot;background_background&quot;:&quot;classic&quot;}\" href=\"https:\/\/nuestrasfinanzasencorto.com\/cursos-basicos\/meta-financiera\/\">\n\t\t\t\t<div class=\"elementor-element elementor-element-94a6ae4 elementor-widget elementor-widget-image\" data-id=\"94a6ae4\" data-element_type=\"widget\" data-e-type=\"widget\" data-widget_type=\"image.default\">\n\t\t\t\t\t\t\t\t\t\t\t\t\t\t\t<img loading=\"lazy\" decoding=\"async\" width=\"350\" height=\"175\" src=\"https:\/\/nuestrasfinanzasencorto.com\/wp-content\/uploads\/2026\/01\/Meta-financiera.png\" class=\"attachment-large size-large wp-image-1673\" alt=\"\" srcset=\"https:\/\/nuestrasfinanzasencorto.com\/wp-content\/uploads\/2026\/01\/Meta-financiera.png 350w, https:\/\/nuestrasfinanzasencorto.com\/wp-content\/uploads\/2026\/01\/Meta-financiera-300x150.png 300w\" sizes=\"(max-width: 350px) 100vw, 350px\" \/>\t\t\t\t\t\t\t\t\t\t\t\t\t\t\t<\/div>\n\t\t\t\t<div class=\"elementor-element elementor-element-4077ee7 elementor-widget elementor-widget-heading\" data-id=\"4077ee7\" data-element_type=\"widget\" data-e-type=\"widget\" data-widget_type=\"heading.default\">\n\t\t\t\t\t<h2 class=\"elementor-heading-title elementor-size-default\">Meta financiera<\/h2>\t\t\t\t<\/div>\n\t\t\t\t<\/a>\n\t\t\t\t<\/div>\n\t\t\t\t<\/div>\n\t\t\t\t<\/div>\n\t\t\t\t<div class=\"elementor-element elementor-element-732f796 elementor-widget elementor-widget-spacer\" data-id=\"732f796\" data-element_type=\"widget\" data-e-type=\"widget\" data-widget_type=\"spacer.default\">\n\t\t\t\t\t\t\t<div class=\"elementor-spacer\">\n\t\t\t<div class=\"elementor-spacer-inner\"><\/div>\n\t\t<\/div>\n\t\t\t\t\t\t<\/div>\n\t\t<div class=\"elementor-element elementor-element-93e83af e-con-full e-flex e-con e-child\" data-id=\"93e83af\" data-element_type=\"container\" data-e-type=\"container\">\n\t\t<div class=\"elementor-element elementor-element-5dd26a1 e-con-full e-flex e-con e-child\" data-id=\"5dd26a1\" data-element_type=\"container\" data-e-type=\"container\">\n\t\t\t\t<div class=\"elementor-element elementor-element-54ede9b elementor-widget elementor-widget-heading\" data-id=\"54ede9b\" data-element_type=\"widget\" data-e-type=\"widget\" data-widget_type=\"heading.default\">\n\t\t\t\t\t<h2 class=\"elementor-heading-title elementor-size-default\">Cursos Certificados<\/h2>\t\t\t\t<\/div>\n\t\t\t\t<div class=\"elementor-element elementor-element-c035ffe elementor-widget elementor-widget-text-editor\" data-id=\"c035ffe\" data-element_type=\"widget\" data-e-type=\"widget\" data-widget_type=\"text-editor.default\">\n\t\t\t\t\t\t\t\t\t<p>Nuevos cursos<\/p>\t\t\t\t\t\t\t\t<\/div>\n\t\t\t\t<\/div>\n\t\t<div class=\"elementor-element elementor-element-0fa5aa5 e-con-full e-flex e-con e-child\" data-id=\"0fa5aa5\" data-element_type=\"container\" data-e-type=\"container\">\n\t\t<div class=\"elementor-element elementor-element-59f1e21 e-con-full e-flex e-con e-child\" data-id=\"59f1e21\" data-element_type=\"container\" data-e-type=\"container\" data-settings=\"{&quot;background_background&quot;:&quot;classic&quot;}\">\n\t\t\t\t<div class=\"elementor-element elementor-element-f143d74 elementor-widget elementor-widget-image\" data-id=\"f143d74\" data-element_type=\"widget\" data-e-type=\"widget\" data-widget_type=\"image.default\">\n\t\t\t\t\t\t\t\t\t\t\t\t\t\t\t<img loading=\"lazy\" decoding=\"async\" width=\"1024\" height=\"1009\" src=\"https:\/\/nuestrasfinanzasencorto.com\/wp-content\/uploads\/2026\/01\/Curso-UNAM-1024x1009.png\" class=\"attachment-large size-large wp-image-1923\" alt=\"\" srcset=\"https:\/\/nuestrasfinanzasencorto.com\/wp-content\/uploads\/2026\/01\/Curso-UNAM-1024x1009.png 1024w, https:\/\/nuestrasfinanzasencorto.com\/wp-content\/uploads\/2026\/01\/Curso-UNAM-300x296.png 300w, https:\/\/nuestrasfinanzasencorto.com\/wp-content\/uploads\/2026\/01\/Curso-UNAM-768x757.png 768w, https:\/\/nuestrasfinanzasencorto.com\/wp-content\/uploads\/2026\/01\/Curso-UNAM-1536x1514.png 1536w, https:\/\/nuestrasfinanzasencorto.com\/wp-content\/uploads\/2026\/01\/Curso-UNAM-100x100.png 100w, https:\/\/nuestrasfinanzasencorto.com\/wp-content\/uploads\/2026\/01\/Curso-UNAM-600x591.png 600w, https:\/\/nuestrasfinanzasencorto.com\/wp-content\/uploads\/2026\/01\/Curso-UNAM.png 1642w\" sizes=\"(max-width: 1024px) 100vw, 1024px\" \/>\t\t\t\t\t\t\t\t\t\t\t\t\t\t\t<\/div>\n\t\t\t\t<\/div>\n\t\t<div class=\"elementor-element elementor-element-dd92e28 e-con-full e-flex e-con e-child\" data-id=\"dd92e28\" data-element_type=\"container\" data-e-type=\"container\" data-settings=\"{&quot;background_background&quot;:&quot;classic&quot;}\">\n\t\t\t\t<div class=\"elementor-element elementor-element-b97e4fe elementor-widget elementor-widget-image\" data-id=\"b97e4fe\" data-element_type=\"widget\" data-e-type=\"widget\" data-widget_type=\"image.default\">\n\t\t\t\t\t\t\t\t\t\t\t\t\t\t\t<img decoding=\"async\" width=\"350\" height=\"175\" src=\"https:\/\/nuestrasfinanzasencorto.com\/wp-content\/uploads\/2026\/01\/presupuesto.png\" class=\"attachment-large size-large wp-image-1671\" alt=\"\" srcset=\"https:\/\/nuestrasfinanzasencorto.com\/wp-content\/uploads\/2026\/01\/presupuesto.png 350w, https:\/\/nuestrasfinanzasencorto.com\/wp-content\/uploads\/2026\/01\/presupuesto-300x150.png 300w\" sizes=\"(max-width: 350px) 100vw, 350px\" \/>\t\t\t\t\t\t\t\t\t\t\t\t\t\t\t<\/div>\n\t\t\t\t<div class=\"elementor-element elementor-element-1b01f3e elementor-widget elementor-widget-heading\" data-id=\"1b01f3e\" data-element_type=\"widget\" data-e-type=\"widget\" data-widget_type=\"heading.default\">\n\t\t\t\t\t<h2 class=\"elementor-heading-title elementor-size-default\">Pr\u00f3ximamente<\/h2>\t\t\t\t<\/div>\n\t\t\t\t<\/div>\n\t\t<div class=\"elementor-element elementor-element-6bef2b3 e-con-full e-flex e-con e-child\" data-id=\"6bef2b3\" data-element_type=\"container\" data-e-type=\"container\" data-settings=\"{&quot;background_background&quot;:&quot;classic&quot;}\">\n\t\t\t\t<div class=\"elementor-element elementor-element-38aaeba elementor-widget elementor-widget-image\" data-id=\"38aaeba\" data-element_type=\"widget\" data-e-type=\"widget\" data-widget_type=\"image.default\">\n\t\t\t\t\t\t\t\t\t\t\t\t\t\t\t<img fetchpriority=\"high\" decoding=\"async\" width=\"350\" height=\"175\" src=\"https:\/\/nuestrasfinanzasencorto.com\/wp-content\/uploads\/2026\/01\/Dinero.png\" class=\"attachment-large size-large wp-image-1672\" alt=\"\" srcset=\"https:\/\/nuestrasfinanzasencorto.com\/wp-content\/uploads\/2026\/01\/Dinero.png 350w, https:\/\/nuestrasfinanzasencorto.com\/wp-content\/uploads\/2026\/01\/Dinero-300x150.png 300w\" sizes=\"(max-width: 350px) 100vw, 350px\" \/>\t\t\t\t\t\t\t\t\t\t\t\t\t\t\t<\/div>\n\t\t\t\t<div class=\"elementor-element elementor-element-ad30f39 elementor-widget elementor-widget-heading\" data-id=\"ad30f39\" data-element_type=\"widget\" data-e-type=\"widget\" data-widget_type=\"heading.default\">\n\t\t\t\t\t<h2 class=\"elementor-heading-title elementor-size-default\">Pr\u00f3ximamente<\/h2>\t\t\t\t<\/div>\n\t\t\t\t<\/div>\n\t\t<div class=\"elementor-element elementor-element-8d9a595 e-con-full e-flex e-con e-child\" data-id=\"8d9a595\" data-element_type=\"container\" data-e-type=\"container\" data-settings=\"{&quot;background_background&quot;:&quot;classic&quot;}\">\n\t\t\t\t<div class=\"elementor-element elementor-element-ab12499 elementor-widget elementor-widget-image\" data-id=\"ab12499\" data-element_type=\"widget\" data-e-type=\"widget\" data-widget_type=\"image.default\">\n\t\t\t\t\t\t\t\t\t\t\t\t\t\t\t<img loading=\"lazy\" decoding=\"async\" width=\"350\" height=\"175\" src=\"https:\/\/nuestrasfinanzasencorto.com\/wp-content\/uploads\/2026\/01\/Meta-financiera.png\" class=\"attachment-large size-large wp-image-1673\" alt=\"\" srcset=\"https:\/\/nuestrasfinanzasencorto.com\/wp-content\/uploads\/2026\/01\/Meta-financiera.png 350w, https:\/\/nuestrasfinanzasencorto.com\/wp-content\/uploads\/2026\/01\/Meta-financiera-300x150.png 300w\" sizes=\"(max-width: 350px) 100vw, 350px\" \/>\t\t\t\t\t\t\t\t\t\t\t\t\t\t\t<\/div>\n\t\t\t\t<div class=\"elementor-element elementor-element-c7394f3 elementor-widget elementor-widget-heading\" data-id=\"c7394f3\" data-element_type=\"widget\" data-e-type=\"widget\" data-widget_type=\"heading.default\">\n\t\t\t\t\t<h2 class=\"elementor-heading-title elementor-size-default\">Pr\u00f3ximamente<\/h2>\t\t\t\t<\/div>\n\t\t\t\t<\/div>\n\t\t\t\t<\/div>\n\t\t<div class=\"elementor-element elementor-element-4127935 e-con-full e-flex e-con e-child\" data-id=\"4127935\" data-element_type=\"container\" data-e-type=\"container\">\n\t\t\t\t<div class=\"elementor-element elementor-element-24cf229 elementor-widget elementor-widget-text-editor\" data-id=\"24cf229\" data-element_type=\"widget\" data-e-type=\"widget\" data-widget_type=\"text-editor.default\">\n\t\t\t\t\t\t\t\t\t<p>Reg\u00edstrate y accede a todo el cat\u00e1logo de cursos y diplomados para ti en:<\/p>\t\t\t\t\t\t\t\t<\/div>\n\t\t\t\t<div class=\"elementor-element elementor-element-75044b3 elementor-widget elementor-widget-text-editor\" data-id=\"75044b3\" data-element_type=\"widget\" data-e-type=\"widget\" data-widget_type=\"text-editor.default\">\n\t\t\t\t\t\t\t\t\t<p><a href=\"https:\/\/moodle.com\/bancodelbienestar.com\"><strong>https:\/\/moodle.com\/bancodelbienestar.com<\/strong><\/a><\/p>\t\t\t\t\t\t\t\t<\/div>\n\t\t\t\t<\/div>\n\t\t\t\t<\/div>\n\t\t\t\t<div class=\"elementor-element elementor-element-2aed522 elementor-widget elementor-widget-spacer\" data-id=\"2aed522\" data-element_type=\"widget\" data-e-type=\"widget\" data-widget_type=\"spacer.default\">\n\t\t\t\t\t\t\t<div class=\"elementor-spacer\">\n\t\t\t<div class=\"elementor-spacer-inner\"><\/div>\n\t\t<\/div>\n\t\t\t\t\t\t<\/div>\n\t\t\t\t\t<\/div>\n\t\t\t\t<\/div>\n\t\t\t\t<\/div>\n\t\t","protected":false},"excerpt":{"rendered":"<div class=\"tmnf_excerpt\">Explora nuestros cursos Aprende a tu propio ritmo. El ABC de las finanzas Aprende los conceptos b\u00e1sicos sobre finanzas personales. El dinero Presupuesto Ahorro Meta financiera Cursos Certificados Nuevos cursos Pr\u00f3ximamente Pr\u00f3ximamente Pr\u00f3ximamente Reg\u00edstrate y accede a todo el cat\u00e1logo de cursos y\u2026<\/div>","protected":false},"author":2,"featured_media":0,"parent":0,"menu_order":0,"comment_status":"closed","ping_status":"closed","template":"elementor_header_footer","meta":{"_acf_changed":false,"footnotes":""},"class_list":["post-3043","page","type-page","status-publish","hentry"],"acf":[],"_hostinger_reach_plugin_has_subscription_block":false,"_hostinger_reach_plugin_is_elementor":false,"_links":{"self":[{"href":"https:\/\/nuestrasfinanzasencorto.com\/inicio\/wp-json\/wp\/v2\/pages\/3043","targetHints":{"allow":["GET"]}}],"collection":[{"href":"https:\/\/nuestrasfinanzasencorto.com\/inicio\/wp-json\/wp\/v2\/pages"}],"about":[{"href":"https:\/\/nuestrasfinanzasencorto.com\/inicio\/wp-json\/wp\/v2\/types\/page"}],"author":[{"embeddable":true,"href":"https:\/\/nuestrasfinanzasencorto.com\/inicio\/wp-json\/wp\/v2\/users\/2"}],"replies":[{"embeddable":true,"href":"https:\/\/nuestrasfinanzasencorto.com\/inicio\/wp-json\/wp\/v2\/comments?post=3043"}],"version-history":[{"count":187,"href":"https:\/\/nuestrasfinanzasencorto.com\/inicio\/wp-json\/wp\/v2\/pages\/3043\/revisions"}],"predecessor-version":[{"id":5008,"href":"https:\/\/nuestrasfinanzasencorto.com\/inicio\/wp-json\/wp\/v2\/pages\/3043\/revisions\/5008"}],"wp:attachment":[{"href":"https:\/\/nuestrasfinanzasencorto.com\/inicio\/wp-json\/wp\/v2\/media?parent=3043"}],"curies":[{"name":"wp","href":"https:\/\/api.w.org\/{rel}","templated":true}]}}