{"id":4188,"date":"2026-02-24T18:57:03","date_gmt":"2026-02-24T18:57:03","guid":{"rendered":"https:\/\/nuestrasfinanzasencorto.com\/?page_id=4188"},"modified":"2026-03-03T23:50:27","modified_gmt":"2026-03-03T23:50:27","slug":"bienestar-financiero","status":"publish","type":"page","link":"https:\/\/nuestrasfinanzasencorto.com\/inicio\/bienestar-financiero\/","title":{"rendered":"Bienestar financiero"},"content":{"rendered":"\t\t<div data-elementor-type=\"wp-page\" data-elementor-id=\"4188\" class=\"elementor elementor-4188\" data-elementor-post-type=\"page\">\n\t\t\t\t<div class=\"elementor-element elementor-element-5c32a1a e-con-full e-flex e-con e-parent\" data-id=\"5c32a1a\" data-element_type=\"container\" data-e-type=\"container\">\n\t\t<div class=\"elementor-element elementor-element-4f230ca e-flex e-con-boxed e-con e-child\" data-id=\"4f230ca\" data-element_type=\"container\" data-e-type=\"container\">\n\t\t\t\t\t<div class=\"e-con-inner\">\n\t\t\t\t<div class=\"elementor-element elementor-element-7a441cc elementor-widget elementor-widget-heading\" data-id=\"7a441cc\" data-element_type=\"widget\" data-e-type=\"widget\" data-widget_type=\"heading.default\">\n\t\t\t\t\t<h2 class=\"elementor-heading-title elementor-size-default\">Bienestar financiero<\/h2>\t\t\t\t<\/div>\n\t\t\t\t\t<\/div>\n\t\t\t\t<\/div>\n\t\t<div class=\"elementor-element elementor-element-f46f5af e-flex e-con-boxed e-con e-child\" data-id=\"f46f5af\" data-element_type=\"container\" data-e-type=\"container\">\n\t\t\t\t\t<div class=\"e-con-inner\">\n\t\t\t\t<div class=\"elementor-element elementor-element-31ff47d elementor-posts--align-left elementor-grid-3 elementor-grid-tablet-2 elementor-grid-mobile-1 elementor-posts--thumbnail-top elementor-card-shadow-yes elementor-posts__hover-gradient elementor-widget elementor-widget-posts\" data-id=\"31ff47d\" data-element_type=\"widget\" data-e-type=\"widget\" data-settings=\"{&quot;cards_masonry&quot;:&quot;yes&quot;,&quot;cards_columns&quot;:&quot;3&quot;,&quot;cards_columns_tablet&quot;:&quot;2&quot;,&quot;cards_columns_mobile&quot;:&quot;1&quot;,&quot;cards_row_gap&quot;:{&quot;unit&quot;:&quot;px&quot;,&quot;size&quot;:35,&quot;sizes&quot;:[]},&quot;cards_row_gap_tablet&quot;:{&quot;unit&quot;:&quot;px&quot;,&quot;size&quot;:&quot;&quot;,&quot;sizes&quot;:[]},&quot;cards_row_gap_mobile&quot;:{&quot;unit&quot;:&quot;px&quot;,&quot;size&quot;:&quot;&quot;,&quot;sizes&quot;:[]}}\" data-widget_type=\"posts.cards\">\n\t\t\t\t<div class=\"elementor-widget-container\">\n\t\t\t\t\t\t\t<div class=\"elementor-posts-container elementor-posts elementor-posts--skin-cards elementor-grid\" role=\"list\">\n\t\t\t\t<article class=\"elementor-post elementor-grid-item post-4935 post type-post status-publish format-standard has-post-thumbnail hentry category-bienestar-financiero formato-articulo\" role=\"listitem\">\n\t\t\t<div class=\"elementor-post__card\">\n\t\t\t\t<a class=\"elementor-post__thumbnail__link\" href=\"https:\/\/nuestrasfinanzasencorto.com\/inicio\/primeros-pasos-para-comenzar-a-invertir-guia-practica-para-jovenes\/\" tabindex=\"-1\" ><div class=\"elementor-post__thumbnail\"><img fetchpriority=\"high\" decoding=\"async\" width=\"300\" height=\"300\" src=\"https:\/\/nuestrasfinanzasencorto.com\/wp-content\/uploads\/2026\/01\/freepik__jovenes-mexicanos-estudiantes__53146-300x300.png\" class=\"attachment-medium size-medium wp-image-1236\" alt=\"J\u00f3venes\" srcset=\"https:\/\/nuestrasfinanzasencorto.com\/wp-content\/uploads\/2026\/01\/freepik__jovenes-mexicanos-estudiantes__53146-300x300.png 300w, https:\/\/nuestrasfinanzasencorto.com\/wp-content\/uploads\/2026\/01\/freepik__jovenes-mexicanos-estudiantes__53146-1024x1024.png 1024w, https:\/\/nuestrasfinanzasencorto.com\/wp-content\/uploads\/2026\/01\/freepik__jovenes-mexicanos-estudiantes__53146-150x150.png 150w, https:\/\/nuestrasfinanzasencorto.com\/wp-content\/uploads\/2026\/01\/freepik__jovenes-mexicanos-estudiantes__53146-768x768.png 768w, https:\/\/nuestrasfinanzasencorto.com\/wp-content\/uploads\/2026\/01\/freepik__jovenes-mexicanos-estudiantes__53146-1536x1536.png 1536w, https:\/\/nuestrasfinanzasencorto.com\/wp-content\/uploads\/2026\/01\/freepik__jovenes-mexicanos-estudiantes__53146-100x100.png 100w, https:\/\/nuestrasfinanzasencorto.com\/wp-content\/uploads\/2026\/01\/freepik__jovenes-mexicanos-estudiantes__53146-600x600.png 600w, https:\/\/nuestrasfinanzasencorto.com\/wp-content\/uploads\/2026\/01\/freepik__jovenes-mexicanos-estudiantes__53146-250x250.png 250w, https:\/\/nuestrasfinanzasencorto.com\/wp-content\/uploads\/2026\/01\/freepik__jovenes-mexicanos-estudiantes__53146.png 2048w\" sizes=\"(max-width: 300px) 100vw, 300px\" \/><\/div><\/a>\n\t\t\t\t<div class=\"elementor-post__badge\">Bienestar financiero<\/div>\n\t\t\t\t<div class=\"elementor-post__text\">\n\t\t\t\t<h3 class=\"elementor-post__title\">\n\t\t\t<a href=\"https:\/\/nuestrasfinanzasencorto.com\/inicio\/primeros-pasos-para-comenzar-a-invertir-guia-practica-para-jovenes\/\" >\n\t\t\t\tPrimeros pasos para comenzar a invertir: gu\u00eda pr\u00e1ctica para j\u00f3venes\t\t\t<\/a>\n\t\t<\/h3>\n\t\t\t\t<\/div>\n\t\t\t\t\t<\/div>\n\t\t<\/article>\n\t\t\t\t<article class=\"elementor-post elementor-grid-item post-4674 post type-post status-publish format-standard has-post-thumbnail hentry category-bienestar-financiero tag-jovenes formato-podcast\" role=\"listitem\">\n\t\t\t<div class=\"elementor-post__card\">\n\t\t\t\t<a class=\"elementor-post__thumbnail__link\" href=\"https:\/\/nuestrasfinanzasencorto.com\/inicio\/amor-y-finanzas\/\" tabindex=\"-1\" ><div class=\"elementor-post__thumbnail\"><img decoding=\"async\" width=\"300\" height=\"300\" src=\"https:\/\/nuestrasfinanzasencorto.com\/wp-content\/uploads\/2026\/03\/conversaciones-sobre-el-amor-y-el-bolsillo-300x300.png\" class=\"attachment-medium size-medium wp-image-4675\" alt=\"\" srcset=\"https:\/\/nuestrasfinanzasencorto.com\/wp-content\/uploads\/2026\/03\/conversaciones-sobre-el-amor-y-el-bolsillo-300x300.png 300w, https:\/\/nuestrasfinanzasencorto.com\/wp-content\/uploads\/2026\/03\/conversaciones-sobre-el-amor-y-el-bolsillo-1024x1024.png 1024w, https:\/\/nuestrasfinanzasencorto.com\/wp-content\/uploads\/2026\/03\/conversaciones-sobre-el-amor-y-el-bolsillo-150x150.png 150w, https:\/\/nuestrasfinanzasencorto.com\/wp-content\/uploads\/2026\/03\/conversaciones-sobre-el-amor-y-el-bolsillo-768x768.png 768w, https:\/\/nuestrasfinanzasencorto.com\/wp-content\/uploads\/2026\/03\/conversaciones-sobre-el-amor-y-el-bolsillo-1536x1536.png 1536w, https:\/\/nuestrasfinanzasencorto.com\/wp-content\/uploads\/2026\/03\/conversaciones-sobre-el-amor-y-el-bolsillo-100x100.png 100w, https:\/\/nuestrasfinanzasencorto.com\/wp-content\/uploads\/2026\/03\/conversaciones-sobre-el-amor-y-el-bolsillo-600x600.png 600w, https:\/\/nuestrasfinanzasencorto.com\/wp-content\/uploads\/2026\/03\/conversaciones-sobre-el-amor-y-el-bolsillo-250x250.png 250w, https:\/\/nuestrasfinanzasencorto.com\/wp-content\/uploads\/2026\/03\/conversaciones-sobre-el-amor-y-el-bolsillo.png 2048w\" sizes=\"(max-width: 300px) 100vw, 300px\" \/><\/div><\/a>\n\t\t\t\t<div class=\"elementor-post__badge\">Bienestar financiero<\/div>\n\t\t\t\t<div class=\"elementor-post__text\">\n\t\t\t\t<h3 class=\"elementor-post__title\">\n\t\t\t<a href=\"https:\/\/nuestrasfinanzasencorto.com\/inicio\/amor-y-finanzas\/\" >\n\t\t\t\tAmor y finanzas\t\t\t<\/a>\n\t\t<\/h3>\n\t\t\t\t<\/div>\n\t\t\t\t\t<\/div>\n\t\t<\/article>\n\t\t\t\t<article class=\"elementor-post elementor-grid-item post-3728 post type-post status-publish format-video has-post-thumbnail hentry category-bienestar-financiero tag-jovenes post_format-post-format-video formato-video\" role=\"listitem\">\n\t\t\t<div class=\"elementor-post__card\">\n\t\t\t\t<a class=\"elementor-post__thumbnail__link\" href=\"https:\/\/nuestrasfinanzasencorto.com\/inicio\/quieres-consultar-tu-saldo-en-tu-tarjeta-del-banco-del-bienestar\/\" tabindex=\"-1\" ><div class=\"elementor-post__thumbnail\"><img decoding=\"async\" width=\"300\" height=\"169\" src=\"https:\/\/nuestrasfinanzasencorto.com\/wp-content\/uploads\/2026\/02\/Video-consulta-saldo-1-300x169.png\" class=\"attachment-medium size-medium wp-image-3730\" alt=\"\" srcset=\"https:\/\/nuestrasfinanzasencorto.com\/wp-content\/uploads\/2026\/02\/Video-consulta-saldo-1-300x169.png 300w, https:\/\/nuestrasfinanzasencorto.com\/wp-content\/uploads\/2026\/02\/Video-consulta-saldo-1-1024x576.png 1024w, https:\/\/nuestrasfinanzasencorto.com\/wp-content\/uploads\/2026\/02\/Video-consulta-saldo-1-768x432.png 768w, https:\/\/nuestrasfinanzasencorto.com\/wp-content\/uploads\/2026\/02\/Video-consulta-saldo-1-600x338.png 600w, https:\/\/nuestrasfinanzasencorto.com\/wp-content\/uploads\/2026\/02\/Video-consulta-saldo-1.png 1331w\" sizes=\"(max-width: 300px) 100vw, 300px\" \/><\/div><\/a>\n\t\t\t\t<div class=\"elementor-post__badge\">Bienestar financiero<\/div>\n\t\t\t\t<div class=\"elementor-post__text\">\n\t\t\t\t<h3 class=\"elementor-post__title\">\n\t\t\t<a href=\"https:\/\/nuestrasfinanzasencorto.com\/inicio\/quieres-consultar-tu-saldo-en-tu-tarjeta-del-banco-del-bienestar\/\" >\n\t\t\t\t\u00bfQuieres consultar el saldo en tu tarjeta del Banco del Bienestar?\t\t\t<\/a>\n\t\t<\/h3>\n\t\t\t\t<\/div>\n\t\t\t\t\t<\/div>\n\t\t<\/article>\n\t\t\t\t<article class=\"elementor-post elementor-grid-item post-1531 post type-post status-publish format-standard has-post-thumbnail hentry category-bienestar-financiero tag-ninos tag-ahorro-e-inversion tag-tips formato-articulo\" role=\"listitem\">\n\t\t\t<div class=\"elementor-post__card\">\n\t\t\t\t<a class=\"elementor-post__thumbnail__link\" href=\"https:\/\/nuestrasfinanzasencorto.com\/inicio\/5-tips-de-ahorro-2\/\" tabindex=\"-1\" ><div class=\"elementor-post__thumbnail\"><img loading=\"lazy\" decoding=\"async\" width=\"300\" height=\"152\" src=\"https:\/\/nuestrasfinanzasencorto.com\/wp-content\/uploads\/2026\/01\/ahorro-2-300x152.png\" class=\"attachment-medium size-medium wp-image-1535\" alt=\"\" srcset=\"https:\/\/nuestrasfinanzasencorto.com\/wp-content\/uploads\/2026\/01\/ahorro-2-300x152.png 300w, https:\/\/nuestrasfinanzasencorto.com\/wp-content\/uploads\/2026\/01\/ahorro-2-1024x519.png 1024w, https:\/\/nuestrasfinanzasencorto.com\/wp-content\/uploads\/2026\/01\/ahorro-2-768x389.png 768w, https:\/\/nuestrasfinanzasencorto.com\/wp-content\/uploads\/2026\/01\/ahorro-2-1536x778.png 1536w, https:\/\/nuestrasfinanzasencorto.com\/wp-content\/uploads\/2026\/01\/ahorro-2-600x304.png 600w, https:\/\/nuestrasfinanzasencorto.com\/wp-content\/uploads\/2026\/01\/ahorro-2.png 1794w\" sizes=\"(max-width: 300px) 100vw, 300px\" \/><\/div><\/a>\n\t\t\t\t<div class=\"elementor-post__badge\">Bienestar financiero<\/div>\n\t\t\t\t<div class=\"elementor-post__text\">\n\t\t\t\t<h3 class=\"elementor-post__title\">\n\t\t\t<a href=\"https:\/\/nuestrasfinanzasencorto.com\/inicio\/5-tips-de-ahorro-2\/\" >\n\t\t\t\t5 Tips para convertirte en un Maestro del Ahorro\t\t\t<\/a>\n\t\t<\/h3>\n\t\t\t\t<\/div>\n\t\t\t\t\t<\/div>\n\t\t<\/article>\n\t\t\t\t<article class=\"elementor-post elementor-grid-item post-2055 post type-post status-publish format-standard has-post-thumbnail hentry category-bienestar-financiero tag-jovenes formato-articulo\" role=\"listitem\">\n\t\t\t<div class=\"elementor-post__card\">\n\t\t\t\t<a class=\"elementor-post__thumbnail__link\" href=\"https:\/\/nuestrasfinanzasencorto.com\/inicio\/el-amor-y-el-bolsillo-guia-de-finanzas-para-citas-en-la-gen-z\/\" tabindex=\"-1\" ><div class=\"elementor-post__thumbnail\"><img loading=\"lazy\" decoding=\"async\" width=\"300\" height=\"167\" src=\"https:\/\/nuestrasfinanzasencorto.com\/wp-content\/uploads\/2026\/01\/Jovenes-coyaocan-300x167.png\" class=\"attachment-medium size-medium wp-image-2056\" alt=\"\" srcset=\"https:\/\/nuestrasfinanzasencorto.com\/wp-content\/uploads\/2026\/01\/Jovenes-coyaocan-300x167.png 300w, https:\/\/nuestrasfinanzasencorto.com\/wp-content\/uploads\/2026\/01\/Jovenes-coyaocan-1024x572.png 1024w, https:\/\/nuestrasfinanzasencorto.com\/wp-content\/uploads\/2026\/01\/Jovenes-coyaocan-768x429.png 768w, https:\/\/nuestrasfinanzasencorto.com\/wp-content\/uploads\/2026\/01\/Jovenes-coyaocan-600x335.png 600w, https:\/\/nuestrasfinanzasencorto.com\/wp-content\/uploads\/2026\/01\/Jovenes-coyaocan.png 1376w\" sizes=\"(max-width: 300px) 100vw, 300px\" \/><\/div><\/a>\n\t\t\t\t<div class=\"elementor-post__badge\">Bienestar financiero<\/div>\n\t\t\t\t<div class=\"elementor-post__text\">\n\t\t\t\t<h3 class=\"elementor-post__title\">\n\t\t\t<a href=\"https:\/\/nuestrasfinanzasencorto.com\/inicio\/el-amor-y-el-bolsillo-guia-de-finanzas-para-citas-en-la-gen-z\/\" >\n\t\t\t\tCrush s\u00ed, deudas no: \u00bfc\u00f3mo sobrevivir al romance sin perder la quincena?\t\t\t<\/a>\n\t\t<\/h3>\n\t\t\t\t<\/div>\n\t\t\t\t\t<\/div>\n\t\t<\/article>\n\t\t\t\t<article class=\"elementor-post elementor-grid-item post-1992 post type-post status-publish format-standard has-post-thumbnail hentry category-bienestar-financiero tag-jovenes formato-articulo\" role=\"listitem\">\n\t\t\t<div class=\"elementor-post__card\">\n\t\t\t\t<a class=\"elementor-post__thumbnail__link\" href=\"https:\/\/nuestrasfinanzasencorto.com\/inicio\/ahorra-para-tu-festival-o-concierto-favorito\/\" tabindex=\"-1\" ><div class=\"elementor-post__thumbnail\"><img loading=\"lazy\" decoding=\"async\" width=\"300\" height=\"167\" src=\"https:\/\/nuestrasfinanzasencorto.com\/wp-content\/uploads\/2026\/01\/Concierto-300x167.png\" class=\"attachment-medium size-medium wp-image-2054\" alt=\"\" srcset=\"https:\/\/nuestrasfinanzasencorto.com\/wp-content\/uploads\/2026\/01\/Concierto-300x167.png 300w, https:\/\/nuestrasfinanzasencorto.com\/wp-content\/uploads\/2026\/01\/Concierto-1024x572.png 1024w, https:\/\/nuestrasfinanzasencorto.com\/wp-content\/uploads\/2026\/01\/Concierto-768x429.png 768w, https:\/\/nuestrasfinanzasencorto.com\/wp-content\/uploads\/2026\/01\/Concierto-600x335.png 600w, https:\/\/nuestrasfinanzasencorto.com\/wp-content\/uploads\/2026\/01\/Concierto.png 1376w\" sizes=\"(max-width: 300px) 100vw, 300px\" \/><\/div><\/a>\n\t\t\t\t<div class=\"elementor-post__badge\">Bienestar financiero<\/div>\n\t\t\t\t<div class=\"elementor-post__text\">\n\t\t\t\t<h3 class=\"elementor-post__title\">\n\t\t\t<a href=\"https:\/\/nuestrasfinanzasencorto.com\/inicio\/ahorra-para-tu-festival-o-concierto-favorito\/\" >\n\t\t\t\tAhorra para tu festival cultural favorito\u00a0\u00a0\t\t\t<\/a>\n\t\t<\/h3>\n\t\t\t\t<\/div>\n\t\t\t\t\t<\/div>\n\t\t<\/article>\n\t\t\t\t<article class=\"elementor-post elementor-grid-item post-2638 post type-post status-publish format-video has-post-thumbnail hentry category-bienestar-financiero tag-ahorro-e-inversion tag-jovenes post_format-post-format-video formato-video\" role=\"listitem\">\n\t\t\t<div class=\"elementor-post__card\">\n\t\t\t\t<a class=\"elementor-post__thumbnail__link\" href=\"https:\/\/nuestrasfinanzasencorto.com\/inicio\/ahorro-y-dinero\/\" tabindex=\"-1\" ><div class=\"elementor-post__thumbnail\"><img loading=\"lazy\" decoding=\"async\" width=\"300\" height=\"169\" src=\"https:\/\/nuestrasfinanzasencorto.com\/wp-content\/uploads\/2026\/01\/Miniatura_Podcast-300x169.png\" class=\"attachment-medium size-medium wp-image-2640\" alt=\"\" srcset=\"https:\/\/nuestrasfinanzasencorto.com\/wp-content\/uploads\/2026\/01\/Miniatura_Podcast-300x169.png 300w, https:\/\/nuestrasfinanzasencorto.com\/wp-content\/uploads\/2026\/01\/Miniatura_Podcast-1024x576.png 1024w, https:\/\/nuestrasfinanzasencorto.com\/wp-content\/uploads\/2026\/01\/Miniatura_Podcast-768x432.png 768w, https:\/\/nuestrasfinanzasencorto.com\/wp-content\/uploads\/2026\/01\/Miniatura_Podcast-1536x864.png 1536w, https:\/\/nuestrasfinanzasencorto.com\/wp-content\/uploads\/2026\/01\/Miniatura_Podcast-600x338.png 600w, https:\/\/nuestrasfinanzasencorto.com\/wp-content\/uploads\/2026\/01\/Miniatura_Podcast.png 1920w\" sizes=\"(max-width: 300px) 100vw, 300px\" \/><\/div><\/a>\n\t\t\t\t<div class=\"elementor-post__badge\">Bienestar financiero<\/div>\n\t\t\t\t<div class=\"elementor-post__text\">\n\t\t\t\t<h3 class=\"elementor-post__title\">\n\t\t\t<a href=\"https:\/\/nuestrasfinanzasencorto.com\/inicio\/ahorro-y-dinero\/\" >\n\t\t\t\tAhorro y dinero\t\t\t<\/a>\n\t\t<\/h3>\n\t\t\t\t<\/div>\n\t\t\t\t\t<\/div>\n\t\t<\/article>\n\t\t\t\t<article class=\"elementor-post elementor-grid-item post-2587 post type-post status-publish format-standard has-post-thumbnail hentry category-bienestar-financiero tag-mujeres formato-articulo\" role=\"listitem\">\n\t\t\t<div class=\"elementor-post__card\">\n\t\t\t\t<a class=\"elementor-post__thumbnail__link\" href=\"https:\/\/nuestrasfinanzasencorto.com\/inicio\/viajemos-tranquilos\/\" tabindex=\"-1\" ><div class=\"elementor-post__thumbnail\"><img loading=\"lazy\" decoding=\"async\" width=\"300\" height=\"150\" src=\"https:\/\/nuestrasfinanzasencorto.com\/wp-content\/uploads\/2025\/11\/personas-con-sombrero-con-familia-en-el-fondo-celebrando-el-5-de-mayo-de-2025-300x150.jpg\" class=\"attachment-medium size-medium wp-image-597\" alt=\"\" srcset=\"https:\/\/nuestrasfinanzasencorto.com\/wp-content\/uploads\/2025\/11\/personas-con-sombrero-con-familia-en-el-fondo-celebrando-el-5-de-mayo-de-2025-300x150.jpg 300w, https:\/\/nuestrasfinanzasencorto.com\/wp-content\/uploads\/2025\/11\/personas-con-sombrero-con-familia-en-el-fondo-celebrando-el-5-de-mayo-de-2025-1024x512.jpg 1024w, https:\/\/nuestrasfinanzasencorto.com\/wp-content\/uploads\/2025\/11\/personas-con-sombrero-con-familia-en-el-fondo-celebrando-el-5-de-mayo-de-2025-768x384.jpg 768w, https:\/\/nuestrasfinanzasencorto.com\/wp-content\/uploads\/2025\/11\/personas-con-sombrero-con-familia-en-el-fondo-celebrando-el-5-de-mayo-de-2025-1536x768.jpg 1536w, https:\/\/nuestrasfinanzasencorto.com\/wp-content\/uploads\/2025\/11\/personas-con-sombrero-con-familia-en-el-fondo-celebrando-el-5-de-mayo-de-2025-2048x1024.jpg 2048w, https:\/\/nuestrasfinanzasencorto.com\/wp-content\/uploads\/2025\/11\/personas-con-sombrero-con-familia-en-el-fondo-celebrando-el-5-de-mayo-de-2025-600x300.jpg 600w\" sizes=\"(max-width: 300px) 100vw, 300px\" \/><\/div><\/a>\n\t\t\t\t<div class=\"elementor-post__badge\">Bienestar financiero<\/div>\n\t\t\t\t<div class=\"elementor-post__text\">\n\t\t\t\t<h3 class=\"elementor-post__title\">\n\t\t\t<a href=\"https:\/\/nuestrasfinanzasencorto.com\/inicio\/viajemos-tranquilos\/\" >\n\t\t\t\tViajemos tranquilos\t\t\t<\/a>\n\t\t<\/h3>\n\t\t\t\t<\/div>\n\t\t\t\t\t<\/div>\n\t\t<\/article>\n\t\t\t\t<article class=\"elementor-post elementor-grid-item post-1210 post type-post status-publish format-standard has-post-thumbnail hentry category-bienestar-financiero tag-mujeres tag-jovenes tag-adultos-mayores tag-inclusion-financiera formato-articulo\" role=\"listitem\">\n\t\t\t<div class=\"elementor-post__card\">\n\t\t\t\t<a class=\"elementor-post__thumbnail__link\" href=\"https:\/\/nuestrasfinanzasencorto.com\/inicio\/el-banco-del-bienestar-esta-en-todas-partes\/\" tabindex=\"-1\" ><div class=\"elementor-post__thumbnail\"><img loading=\"lazy\" decoding=\"async\" width=\"300\" height=\"200\" src=\"https:\/\/nuestrasfinanzasencorto.com\/wp-content\/uploads\/2026\/01\/MG_0135-300x200.jpg\" class=\"attachment-medium size-medium wp-image-3938\" alt=\"\" srcset=\"https:\/\/nuestrasfinanzasencorto.com\/wp-content\/uploads\/2026\/01\/MG_0135-300x200.jpg 300w, https:\/\/nuestrasfinanzasencorto.com\/wp-content\/uploads\/2026\/01\/MG_0135-1024x683.jpg 1024w, https:\/\/nuestrasfinanzasencorto.com\/wp-content\/uploads\/2026\/01\/MG_0135-768x512.jpg 768w, https:\/\/nuestrasfinanzasencorto.com\/wp-content\/uploads\/2026\/01\/MG_0135-1536x1024.jpg 1536w, https:\/\/nuestrasfinanzasencorto.com\/wp-content\/uploads\/2026\/01\/MG_0135-2048x1365.jpg 2048w, https:\/\/nuestrasfinanzasencorto.com\/wp-content\/uploads\/2026\/01\/MG_0135-600x400.jpg 600w\" sizes=\"(max-width: 300px) 100vw, 300px\" \/><\/div><\/a>\n\t\t\t\t<div class=\"elementor-post__badge\">Bienestar financiero<\/div>\n\t\t\t\t<div class=\"elementor-post__text\">\n\t\t\t\t<h3 class=\"elementor-post__title\">\n\t\t\t<a href=\"https:\/\/nuestrasfinanzasencorto.com\/inicio\/el-banco-del-bienestar-esta-en-todas-partes\/\" >\n\t\t\t\tEl Banco del Bienestar\u00a0est\u00e1 en todas partes\u00a0\t\t\t<\/a>\n\t\t<\/h3>\n\t\t\t\t<\/div>\n\t\t\t\t\t<\/div>\n\t\t<\/article>\n\t\t\t\t<\/div>\n\t\t\n\t\t\t\t\t\t<\/div>\n\t\t\t\t<\/div>\n\t\t\t\t\t<\/div>\n\t\t\t\t<\/div>\n\t\t\t\t<\/div>\n\t\t\t\t<\/div>\n\t\t","protected":false},"excerpt":{"rendered":"<div class=\"tmnf_excerpt\">Bienestar financiero\n<\/div>","protected":false},"author":2,"featured_media":0,"parent":0,"menu_order":0,"comment_status":"closed","ping_status":"closed","template":"elementor_header_footer","meta":{"_acf_changed":false,"footnotes":""},"class_list":["post-4188","page","type-page","status-publish","hentry"],"acf":[],"_hostinger_reach_plugin_has_subscription_block":false,"_hostinger_reach_plugin_is_elementor":false,"_links":{"self":[{"href":"https:\/\/nuestrasfinanzasencorto.com\/inicio\/wp-json\/wp\/v2\/pages\/4188","targetHints":{"allow":["GET"]}}],"collection":[{"href":"https:\/\/nuestrasfinanzasencorto.com\/inicio\/wp-json\/wp\/v2\/pages"}],"about":[{"href":"https:\/\/nuestrasfinanzasencorto.com\/inicio\/wp-json\/wp\/v2\/types\/page"}],"author":[{"embeddable":true,"href":"https:\/\/nuestrasfinanzasencorto.com\/inicio\/wp-json\/wp\/v2\/users\/2"}],"replies":[{"embeddable":true,"href":"https:\/\/nuestrasfinanzasencorto.com\/inicio\/wp-json\/wp\/v2\/comments?post=4188"}],"version-history":[{"count":7,"href":"https:\/\/nuestrasfinanzasencorto.com\/inicio\/wp-json\/wp\/v2\/pages\/4188\/revisions"}],"predecessor-version":[{"id":4773,"href":"https:\/\/nuestrasfinanzasencorto.com\/inicio\/wp-json\/wp\/v2\/pages\/4188\/revisions\/4773"}],"wp:attachment":[{"href":"https:\/\/nuestrasfinanzasencorto.com\/inicio\/wp-json\/wp\/v2\/media?parent=4188"}],"curies":[{"name":"wp","href":"https:\/\/api.w.org\/{rel}","templated":true}]}}